{"id":10765,"date":"2025-06-30T09:45:55","date_gmt":"2025-06-30T12:45:55","guid":{"rendered":"http:\/\/www.nclorganic.com\/?post_type=product&#038;p=10765"},"modified":"2025-06-30T10:38:30","modified_gmt":"2025-06-30T13:38:30","slug":"ncl-organic-findik-unu-glutensiz-160gr-100-natural-hazelnut-flour-%d8%af%d9%82%d9%8a%d9%82-%d8%a7%d9%84%d8%a8%d9%86%d8%af%d9%82","status":"publish","type":"product","link":"https:\/\/www.nclorganic.com\/en\/product\/ncl-organic-findik-unu-glutensiz-160gr-100-natural-hazelnut-flour-%d8%af%d9%82%d9%8a%d9%82-%d8%a7%d9%84%d8%a8%d9%86%d8%af%d9%82\/","title":{"rendered":"NCL ORGANIC F\u0131nd\u0131k Unu Glutensiz 160gr 100% Natural \u2013 Hazelnut Flour \u062f\u0642\u064a\u0642 \u0627\u0644\u0628\u0646\u062f\u0642"},"content":{"rendered":"<p>*NCL ORGANIC \u2013 Hazelnut Flour*<br \/>\nGluten-Free \u2022 Rich \u2022 Natural<\/p>\n<p>*Hazelnut Flour Benefits*<br \/>\n&#8211; High in protein &amp; fiber<br \/>\n&#8211; Supports heart &amp; brain health<br \/>\n&#8211; Naturally gluten-free<br \/>\n&#8211; Good for digestion<br \/>\n&#8211; Rich in vitamin E, B1, B6<br \/>\n&#8211; Contains magnesium, iron, and healthy fats<\/p>\n<p>*#NCLorganic #HazelnutFlour #GlutenFree #VitaminE #HealthyBaking #NaturalNutrition*<\/p>\n<p>*F\u0131nd\u0131k Ununun Faydalar\u0131*<br \/>\n&#8211; Protein ve lif a\u00e7\u0131s\u0131ndan zengindir<br \/>\n&#8211; Kalp ve beyin sa\u011fl\u0131\u011f\u0131n\u0131 destekler<br \/>\n&#8211; Do\u011fal olarak glutensiz<br \/>\n&#8211; Sindirimi destekler<br \/>\n&#8211; E, B1, B6 vitaminleri i\u00e7erir<br \/>\n&#8211; Magnezyum, demir ve sa\u011fl\u0131kl\u0131 ya\u011flar bar\u0131nd\u0131r\u0131r<\/p>\n<p>*#NCLorganic #F\u0131nd\u0131kUnu #Glutensiz #Do\u011falBeslenme #VitaminE*<\/p>\n<p>*\u0641\u0648\u0627\u0626\u062f \u062f\u0642\u064a\u0642 \u0627\u0644\u0628\u0646\u062f\u0642*<br \/>\n&#8211; \u063a\u0646\u064a \u0628\u0627\u0644\u0628\u0631\u0648\u062a\u064a\u0646 \u0648\u0627\u0644\u0623\u0644\u064a\u0627\u0641<br \/>\n&#8211; \u064a\u062f\u0639\u0645 \u0635\u062d\u0629 \u0627\u0644\u0642\u0644\u0628 \u0648\u0627\u0644\u062f\u0645\u0627\u063a<br \/>\n&#8211; \u062e\u0627\u0644\u064d \u0645\u0646 \u0627\u0644\u063a\u0644\u0648\u062a\u064a\u0646 \u0637\u0628\u064a\u0639\u064a\u064b\u0627<br \/>\n&#8211; \u0645\u0641\u064a\u062f \u0644\u0644\u0647\u0636\u0645<br \/>\n&#8211; \u064a\u062d\u062a\u0648\u064a \u0639\u0644\u0649 \u0641\u064a\u062a\u0627\u0645\u064a\u0646\u0627\u062a E \u0648B1 \u0648B6<br \/>\n&#8211; \u063a\u0646\u064a \u0628\u0627\u0644\u0645\u063a\u0646\u064a\u0633\u064a\u0648\u0645 \u0648\u0627\u0644\u062d\u062f\u064a\u062f \u0648\u0627\u0644\u062f\u0647\u0648\u0646 \u0627\u0644\u0635\u062d\u064a\u0629<\/p>\n<p>*#NCLorganic #\u062f\u0642\u064a\u0642_\u0627\u0644\u0628\u0646\u062f\u0642 #\u063a\u0646\u064a_\u0628\u0627\u0644\u0628\u0631\u0648\u062a\u064a\u0646 #\u062e\u0627\u0644\u064a_\u0645\u0646_\u0627\u0644\u063a\u0644\u0648\u062a\u064a\u0646 #\u0641\u064a\u062a\u0627\u0645\u064a\u0646_E*<\/p>","protected":false},"excerpt":{"rendered":"<p>NCL ORGANIC F\u0131nd\u0131k Unu Glutensiz 160gr 100% Natural \u2013 Hazelnut Flour \u062f\u0642\u064a\u0642 \u0627\u0644\u0628\u0646\u062f\u0642<\/p>","protected":false},"featured_media":10783,"comment_status":"open","ping_status":"closed","template":"","meta":{"_joinchat":[]},"product_cat":[101],"product_tag":[],"class_list":{"0":"post-10765","1":"product","2":"type-product","3":"status-publish","4":"has-post-thumbnail","6":"product_cat-glutensiz-dogal-un-gluten-free-natural-flour","8":"first","9":"instock","10":"sale","11":"shipping-taxable","12":"purchasable","13":"product-type-simple"},"jetpack_sharing_enabled":true,"_links":{"self":[{"href":"https:\/\/www.nclorganic.com\/en\/wp-json\/wp\/v2\/product\/10765","targetHints":{"allow":["GET"]}}],"collection":[{"href":"https:\/\/www.nclorganic.com\/en\/wp-json\/wp\/v2\/product"}],"about":[{"href":"https:\/\/www.nclorganic.com\/en\/wp-json\/wp\/v2\/types\/product"}],"replies":[{"embeddable":true,"href":"https:\/\/www.nclorganic.com\/en\/wp-json\/wp\/v2\/comments?post=10765"}],"wp:featuredmedia":[{"embeddable":true,"href":"https:\/\/www.nclorganic.com\/en\/wp-json\/wp\/v2\/media\/10783"}],"wp:attachment":[{"href":"https:\/\/www.nclorganic.com\/en\/wp-json\/wp\/v2\/media?parent=10765"}],"wp:term":[{"taxonomy":"product_cat","embeddable":true,"href":"https:\/\/www.nclorganic.com\/en\/wp-json\/wp\/v2\/product_cat?post=10765"},{"taxonomy":"product_tag","embeddable":true,"href":"https:\/\/www.nclorganic.com\/en\/wp-json\/wp\/v2\/product_tag?post=10765"}],"curies":[{"name":"wp","href":"https:\/\/api.w.org\/{rel}","templated":true}]}}