{"id":10743,"date":"2025-06-23T18:09:48","date_gmt":"2025-06-23T21:09:48","guid":{"rendered":"https:\/\/www.nclorganic.com\/?post_type=product&#038;p=10743"},"modified":"2025-06-23T18:11:12","modified_gmt":"2025-06-23T21:11:12","slug":"ncl-organic-kakuleli-turk-kahvesi-3x100gr-daima-taze-cardamom-turkish-coffee-fresh-%d9%82%d9%87%d9%88%d8%a9-%d8%aa%d8%b1%d9%83%d9%8a%d8%a9-%d8%a8%d8%a7%d9%84%d9%87%d9%8a%d9%84","status":"publish","type":"product","link":"https:\/\/www.nclorganic.com\/en\/product\/ncl-organic-kakuleli-turk-kahvesi-3x100gr-daima-taze-cardamom-turkish-coffee-fresh-%d9%82%d9%87%d9%88%d8%a9-%d8%aa%d8%b1%d9%83%d9%8a%d8%a9-%d8%a8%d8%a7%d9%84%d9%87%d9%8a%d9%84\/","title":{"rendered":"NCL ORGANIC Kakuleli T\u00fcrk Kahvesi 3x100gr Daima Taze &#8211; Cardamom Turkish Coffee Fresh \u0642\u0647\u0648\u0629 \u062a\u0631\u0643\u064a\u0629 \u0628\u0627\u0644\u0647\u064a\u0644"},"content":{"rendered":"<p>NCL ORGANIC Kakuleli T\u00fcrk Kahvesi<br \/>\nBrezilya ve Kolombiya\u2019n\u0131n en kaliteli Arabica \u00e7ekirdeklerinden, do\u011fal kakule ile harmanlanm\u0131\u015ft\u0131r.<\/p>\n<p>Neden NCL T\u00fcrk Kahvesi?<br \/>\n&#x2714;&#xfe0f; Kafein ile do\u011fal enerji sa\u011flar<br \/>\n&#x2714;&#xfe0f; Antioksidan bak\u0131m\u0131ndan zengindir<br \/>\n&#x2714;&#xfe0f; Konsantrasyon ve ruh halini destekler<br \/>\n&#x2714;&#xfe0f; Kakule sindirime yard\u0131mc\u0131 olur, nefesi tazeler<br \/>\n&#x2714;&#xfe0f; Kalp sa\u011fl\u0131\u011f\u0131n\u0131 destekler (\u00f6l\u00e7\u00fcl\u00fc t\u00fcketimde)<\/p>\n<p>\u0130\u00e7indekiler:<br \/>\n\u2022\u2060 \u2060%100 Arabica kahve (Brezilya &amp; Kolombiya)<br \/>\n\u2022\u2060 \u2060Do\u011fal kakule<br \/>\n\u2022\u2060 \u2060\u015eekersiz \u2022 Katk\u0131 maddesi i\u00e7ermez<\/p>\n<p>#NCLOrganic #T\u00fcrkKahvesi #KakuleliKahve #ArabicaKahve<\/p>\n<p>NCL ORGANIC Cardamom Turkish CoffeeTurkish Coffee<br \/>\nCrafted from the finest Brazilian &amp; Colombian Arabica beans, blended with natural cardamom for a rich, authentic flavor.<\/p>\n<p>Why drink NCL Turkish Coffee?<br \/>\n&#x2714;&#xfe0f; Natural energy boost from caffeine<br \/>\n&#x2714;&#xfe0f; Rich in antioxidants \u2014 supports cell health<br \/>\n&#x2714;&#xfe0f; Helps improve focus and mood<br \/>\n&#x2714;&#xfe0f; Cardamom aids digestion and freshens breath<br \/>\n&#x2714;&#xfe0f; Supports heart health (in moderation)<\/p>\n<p>Ingredients:<br \/>\n\u2022\u2060 \u2060100% Arabica coffee (Brazil &amp; Colombia)<br \/>\n\u2022\u2060 \u2060Natural cardamom<br \/>\n\u2022\u2060 \u2060No sugar \u2022 No additives<br \/>\n#NCLOrganic #TurkishCoffee #CardamomCoffee #ArabicaBeans<\/p>\n<p>&#8212;<\/p>\n<p>\u0642\u0647\u0648\u0629 \u062a\u0631\u0643\u064a\u0629 \u0645\u0646 NCL ORGANIC<br \/>\n\u0645\u0635\u0646\u0648\u0639\u0629 \u0645\u0646 \u0623\u062c\u0648\u062f \u062d\u0628\u0648\u0628 \u0627\u0644\u0623\u0631\u0627\u0628\u064a\u0643\u0627 \u0627\u0644\u0628\u0631\u0627\u0632\u064a\u0644\u064a\u0629 \u0648\u0627\u0644\u0643\u0648\u0644\u0648\u0645\u0628\u064a\u0629\u060c \u0645\u0645\u0632\u0648\u062c\u0629 \u0628\u0627\u0644\u0647\u064a\u0644 \u0627\u0644\u0637\u0628\u064a\u0639\u064a \u0644\u0646\u0643\u0647\u0629 \u063a\u0646\u064a\u0629 \u0648\u0623\u0635\u064a\u0644\u0629.<\/p>\n<p>\u0644\u0645\u0627\u0630\u0627 \u0642\u0647\u0648\u0629 NCL\u061f<br \/>\n&#x2714;&#xfe0f; \u062a\u0639\u0637\u064a \u0637\u0627\u0642\u0629 \u0637\u0628\u064a\u0639\u064a\u0629 \u0628\u0641\u0636\u0644 \u0627\u0644\u0643\u0627\u0641\u064a\u064a\u0646<br \/>\n&#x2714;&#xfe0f; \u063a\u0646\u064a\u0629 \u0628\u0645\u0636\u0627\u062f\u0627\u062a \u0627\u0644\u0623\u0643\u0633\u062f\u0629<br \/>\n&#x2714;&#xfe0f; \u062a\u062f\u0639\u0645 \u0627\u0644\u062a\u0631\u0643\u064a\u0632 \u0648\u0627\u0644\u0645\u0632\u0627\u062c<br \/>\n&#x2714;&#xfe0f; \u0627\u0644\u0647\u064a\u0644 \u064a\u0633\u0627\u0639\u062f \u0639\u0644\u0649 \u0627\u0644\u0647\u0636\u0645 \u0648\u064a\u0646\u0639\u0634 \u0627\u0644\u0646\u0641\u0633<br \/>\n&#x2714;&#xfe0f; \u062a\u062f\u0639\u0645 \u0635\u062d\u0629 \u0627\u0644\u0642\u0644\u0628 \u0639\u0646\u062f \u062a\u0646\u0627\u0648\u0644\u0647\u0627 \u0628\u0627\u0639\u062a\u062f\u0627\u0644<\/p>\n<p>\u0627\u0644\u0645\u0643\u0648\u0646\u0627\u062a:<br \/>\n\u2022\u2060 \u2060\u0642\u0647\u0648\u0629 \u0623\u0631\u0627\u0628\u064a\u0643\u0627 100\u066a (\u0645\u0646 \u0627\u0644\u0628\u0631\u0627\u0632\u064a\u0644 \u0648\u0643\u0648\u0644\u0648\u0645\u0628\u064a\u0627)<br \/>\n\u2022\u2060 \u2060\u0647\u064a\u0644 \u0637\u0628\u064a\u0639\u064a<br \/>\n\u2022\u2060 \u2060\u0628\u062f\u0648\u0646 \u0633\u0643\u0631 \u2022 \u0628\u062f\u0648\u0646 \u0625\u0636\u0627\u0641\u0627\u062a<\/p>\n<p>#NCLOrganic #\u0642\u0647\u0648\u0629_\u062a\u0631\u0643\u064a\u0629 #\u0642\u0647\u0648\u0629_\u0628\u0627\u0644\u0647\u064a\u0644 #\u062d\u0628\u0648\u0628_\u0623\u0631\u0627\u0628\u064a\u0643\u0627<\/p>","protected":false},"excerpt":{"rendered":"<p>NCL ORGANIC Kakuleli T\u00fcrk Kahvesi 3x100gr Daima Taze &#8211; Cardamom Turkish Coffee Fresh \u0642\u0647\u0648\u0629 \u062a\u0631\u0643\u064a\u0629 \u0628\u0627\u0644\u0647\u064a\u0644<\/p>","protected":false},"featured_media":10745,"comment_status":"open","ping_status":"closed","template":"","meta":{"_joinchat":[]},"product_cat":[99],"product_tag":[],"class_list":{"0":"post-10743","1":"product","2":"type-product","3":"status-publish","4":"has-post-thumbnail","6":"product_cat-kahve-coffee","8":"first","9":"instock","10":"sale","11":"shipping-taxable","12":"purchasable","13":"product-type-simple"},"jetpack_sharing_enabled":true,"_links":{"self":[{"href":"https:\/\/www.nclorganic.com\/en\/wp-json\/wp\/v2\/product\/10743","targetHints":{"allow":["GET"]}}],"collection":[{"href":"https:\/\/www.nclorganic.com\/en\/wp-json\/wp\/v2\/product"}],"about":[{"href":"https:\/\/www.nclorganic.com\/en\/wp-json\/wp\/v2\/types\/product"}],"replies":[{"embeddable":true,"href":"https:\/\/www.nclorganic.com\/en\/wp-json\/wp\/v2\/comments?post=10743"}],"wp:featuredmedia":[{"embeddable":true,"href":"https:\/\/www.nclorganic.com\/en\/wp-json\/wp\/v2\/media\/10745"}],"wp:attachment":[{"href":"https:\/\/www.nclorganic.com\/en\/wp-json\/wp\/v2\/media?parent=10743"}],"wp:term":[{"taxonomy":"product_cat","embeddable":true,"href":"https:\/\/www.nclorganic.com\/en\/wp-json\/wp\/v2\/product_cat?post=10743"},{"taxonomy":"product_tag","embeddable":true,"href":"https:\/\/www.nclorganic.com\/en\/wp-json\/wp\/v2\/product_tag?post=10743"}],"curies":[{"name":"wp","href":"https:\/\/api.w.org\/{rel}","templated":true}]}}