{"id":10729,"date":"2025-06-19T10:41:28","date_gmt":"2025-06-19T13:41:28","guid":{"rendered":"https:\/\/www.nclorganic.com\/?post_type=product&#038;p=10729"},"modified":"2025-06-19T10:47:45","modified_gmt":"2025-06-19T13:47:45","slug":"ncl-organic-turk-kahvesi-sade-3x100gr-turkish-coffee-%d8%a7%d9%84%d9%82%d9%87%d9%88%d8%a9-%d8%a7%d9%84%d8%aa%d8%b1%d9%83%d9%8a%d8%a9","status":"publish","type":"product","link":"https:\/\/www.nclorganic.com\/en\/product\/ncl-organic-turk-kahvesi-sade-3x100gr-turkish-coffee-%d8%a7%d9%84%d9%82%d9%87%d9%88%d8%a9-%d8%a7%d9%84%d8%aa%d8%b1%d9%83%d9%8a%d8%a9\/","title":{"rendered":"NCL ORGANIC T\u00fcrk Kahvesi Sade. 3x100gr &#8211; Turkish Coffee \u0627\u0644\u0642\u0647\u0648\u0629 \u0627\u0644\u062a\u0631\u0643\u064a\u0629"},"content":{"rendered":"<p>NCL ORGANIC Turkish Coffee<br \/>\nRich Aroma \u2013 Fine Grind \u2013 Premium Arabica Beans from Brazil &amp; Colombia<br \/>\nwww.NCLorganic.com<\/p>\n<p>&#8212;<\/p>\n<p>Why Choose NCL ORGANIC Turkish Coffee?<br \/>\n&#x2714; Premium Arabica beans from Brazil &amp; Colombia<br \/>\n&#x2714; Rich in antioxidants<br \/>\n&#x2714; Supports focus &amp; brain function<br \/>\n&#x2714; May improve digestion &amp; mood<br \/>\n&#x2714; Traditional taste, smooth texture, perfect foam<\/p>\n<p>#NCLOrganic #TurkishCoffee #BrazilianCoffee #ColombianCoffee #HealthyCoffee #NaturalEnergy<\/p>\n<p>&#8212;<\/p>\n<p>NCL ORGANIC T\u00fcrk Kahvesi Neden Tercih Edilmeli?<br \/>\n&#x2714; Brezilya ve Kolombiya men\u015feli se\u00e7kin Arabica \u00e7ekirdekleri<br \/>\n&#x2714; Antioksidan bak\u0131m\u0131ndan zengin<br \/>\n&#x2714; Zihinsel odak ve haf\u0131zay\u0131 destekler<br \/>\n&#x2714; Sindirime ve ruh haline iyi gelir<br \/>\n&#x2714; Geleneksel lezzet, yumu\u015fak i\u00e7im, bol k\u00f6p\u00fck<\/p>\n<p>#NCLOrganic #T\u00fcrkKahvesi #Sa\u011fl\u0131kl\u0131Kahve #Do\u011falEnerji #BrezilyaKahvesi #KolombiyaKahvesi<\/p>\n<p>&#8212;<\/p>\n<p>\u0644\u0645\u0627\u0630\u0627 \u062a\u062e\u062a\u0627\u0631 \u0627\u0644\u0642\u0647\u0648\u0629 \u0627\u0644\u062a\u0631\u0643\u064a\u0629 \u0645\u0646 NCL ORGANIC\u061f<br \/>\n&#x2714; \u062d\u0628\u0648\u0628 \u0623\u0631\u0627\u0628\u064a\u0643\u0627 \u0639\u0627\u0644\u064a\u0629 \u0627\u0644\u062c\u0648\u062f\u0629 \u0645\u0646 \u0627\u0644\u0628\u0631\u0627\u0632\u064a\u0644 \u0648\u0643\u0648\u0644\u0648\u0645\u0628\u064a\u0627<br \/>\n&#x2714; \u063a\u0646\u064a\u0629 \u0628\u0645\u0636\u0627\u062f\u0627\u062a \u0627\u0644\u0623\u0643\u0633\u062f\u0629<br \/>\n&#x2714; \u062a\u062f\u0639\u0645 \u0627\u0644\u062a\u0631\u0643\u064a\u0632 \u0648\u0635\u062d\u0629 \u0627\u0644\u062f\u0645\u0627\u063a<br \/>\n&#x2714; \u062a\u0633\u0627\u0639\u062f \u0639\u0644\u0649 \u0627\u0644\u0647\u0636\u0645 \u0648\u062a\u062d\u0633\u0646 \u0627\u0644\u0645\u0632\u0627\u062c<br \/>\n&#x2714; \u0645\u0630\u0627\u0642 \u062a\u0642\u0644\u064a\u062f\u064a\u060c \u0642\u0648\u0627\u0645 \u0646\u0627\u0639\u0645\u060c \u0648\u0631\u063a\u0648\u0629 \u0645\u062b\u0627\u0644\u064a\u0629<\/p>\n<p>#NCLOrganic #\u0642\u0647\u0648\u0629_\u062a\u0631\u0643\u064a\u0629 #\u0642\u0647\u0648\u0629_\u0635\u062d\u064a\u0629 #\u0637\u0627\u0642\u0629_\u0637\u0628\u064a\u0639\u064a\u0629 #\u0642\u0647\u0648\u0629_\u0628\u0631\u0627\u0632\u064a\u0644\u064a\u0629 #\u0642\u0647\u0648\u0629_\u0643\u0648\u0644\u0648\u0645\u0628\u064a\u0629<\/p>","protected":false},"excerpt":{"rendered":"<p>NCL ORGANIC T\u00fcrk Kahvesi Sade. 3x100gr &#8211; Turkish Coffee \u0627\u0644\u0642\u0647\u0648\u0629 \u0627\u0644\u062a\u0631\u0643\u064a\u0629<\/p>","protected":false},"featured_media":10730,"comment_status":"open","ping_status":"closed","template":"","meta":{"_joinchat":[]},"product_cat":[99],"product_tag":[],"class_list":{"0":"post-10729","1":"product","2":"type-product","3":"status-publish","4":"has-post-thumbnail","6":"product_cat-kahve-coffee","8":"first","9":"instock","10":"sale","11":"shipping-taxable","12":"purchasable","13":"product-type-simple"},"jetpack_sharing_enabled":true,"_links":{"self":[{"href":"https:\/\/www.nclorganic.com\/en\/wp-json\/wp\/v2\/product\/10729","targetHints":{"allow":["GET"]}}],"collection":[{"href":"https:\/\/www.nclorganic.com\/en\/wp-json\/wp\/v2\/product"}],"about":[{"href":"https:\/\/www.nclorganic.com\/en\/wp-json\/wp\/v2\/types\/product"}],"replies":[{"embeddable":true,"href":"https:\/\/www.nclorganic.com\/en\/wp-json\/wp\/v2\/comments?post=10729"}],"wp:featuredmedia":[{"embeddable":true,"href":"https:\/\/www.nclorganic.com\/en\/wp-json\/wp\/v2\/media\/10730"}],"wp:attachment":[{"href":"https:\/\/www.nclorganic.com\/en\/wp-json\/wp\/v2\/media?parent=10729"}],"wp:term":[{"taxonomy":"product_cat","embeddable":true,"href":"https:\/\/www.nclorganic.com\/en\/wp-json\/wp\/v2\/product_cat?post=10729"},{"taxonomy":"product_tag","embeddable":true,"href":"https:\/\/www.nclorganic.com\/en\/wp-json\/wp\/v2\/product_tag?post=10729"}],"curies":[{"name":"wp","href":"https:\/\/api.w.org\/{rel}","templated":true}]}}