{"id":10703,"date":"2025-06-13T17:40:39","date_gmt":"2025-06-13T20:40:39","guid":{"rendered":"https:\/\/www.nclorganic.com\/?post_type=product&#038;p=10703"},"modified":"2025-06-28T09:30:48","modified_gmt":"2025-06-28T12:30:48","slug":"ncl-organic-zeytinyagi-1000ml-olive-oil-%d8%b2%d9%8a%d8%aa-%d8%a7%d9%84%d8%b2%d9%8a%d8%aa%d9%88%d9%86","status":"publish","type":"product","link":"https:\/\/www.nclorganic.com\/en\/product\/ncl-organic-zeytinyagi-1000ml-olive-oil-%d8%b2%d9%8a%d8%aa-%d8%a7%d9%84%d8%b2%d9%8a%d8%aa%d9%88%d9%86\/","title":{"rendered":"NCL Organic Zeytinya\u011f\u0131 \u2013 1000ml Olive Oil \u2013 \u0632\u064a\u062a \u0627\u0644\u0632\u064a\u062a\u0648\u0646"},"content":{"rendered":"<div class=\"xdj266r x11i5rnm xat24cr x1mh8g0r x1vvkbs x126k92a\">\n<div dir=\"auto\">NCL ORGANIC *All Natural*<\/div>\n<div dir=\"auto\"><span class=\"html-span xdj266r x11i5rnm xat24cr x1mh8g0r xexx8yu x4uap5 x18d9i69 xkhd6sd x1hl2dhg x16tdsg8 x1vvkbs\"><a class=\"x1i10hfl xjbqb8w x1ejq31n xd10rxx x1sy0etr x17r0tee x972fbf xcfux6l x1qhh985 xm0m39n x9f619 x1ypdohk xt0psk2 xe8uvvx xdj266r x11i5rnm xat24cr x1mh8g0r xexx8yu x4uap5 x18d9i69 xkhd6sd x16tdsg8 x1hl2dhg xggy1nq x1a2a7pz xkrqix3 x1sur9pj x1fey0fg x1s688f\" role=\"link\" href=\"http:\/\/www.nclorganic.com\/en\/?fbclid=IwZXh0bgNhZW0CMTAAYnJpZBExaEkxQlZOMHZ0WjJOY1lZaAEe2Xv_PExA43r9i4cQzs4QOT-1p0EIEVyHdeXX1f6Mroemit4kr-JfvoU-cwo_aem_La51k1r0wwIxz8Wgqpvy3g\" target=\"_blank\" rel=\"nofollow noopener noreferrer\">www.NCLorganic.com<\/a><\/span><\/div>\n<\/div>\n<div class=\"x11i5rnm xat24cr x1mh8g0r x1vvkbs xtlvy1s x126k92a\">\n<div dir=\"auto\"><\/div>\n<div dir=\"auto\">*NCL Organic Zeytinya\u011f\u0131*<\/div>\n<div dir=\"auto\">So\u011fuk s\u0131k\u0131m | Saf | Akdeniz Kalitesi<\/div>\n<\/div>\n<div class=\"x11i5rnm xat24cr x1mh8g0r x1vvkbs xtlvy1s x126k92a\">\n<div dir=\"auto\"><span class=\"html-span xexx8yu x4uap5 x18d9i69 xkhd6sd x1hl2dhg x16tdsg8 x1vvkbs x3nfvp2 x1j61x8r x1fcty0u xdj266r xat24cr xgzva0m xhhsvwb xxymvpz xlup9mm x1kky2od\"><img loading=\"lazy\" decoding=\"async\" class=\"xz74otr x168nmei x13lgxp2 x5pf9jr xo71vjh\" src=\"https:\/\/static.xx.fbcdn.net\/images\/emoji.php\/v9\/td2\/2\/16\/2714.png\" alt=\"&#x2714;\" width=\"16\" height=\"16\" \/><\/span> Zengin i\u00e7erik:<\/div>\n<div dir=\"auto\">\u2022 *E Vitamini* \u2013 cilt ve ba\u011f\u0131\u015f\u0131kl\u0131k i\u00e7in g\u00fc\u00e7l\u00fc antioksidan<\/div>\n<div dir=\"auto\">\u2022 *K Vitamini* \u2013 kemik ve kalp sa\u011fl\u0131\u011f\u0131na katk\u0131<\/div>\n<div dir=\"auto\">\u2022 Sa\u011fl\u0131kl\u0131 *tekli doymam\u0131\u015f ya\u011flar* \u2013 kalp ve beyin dostu<\/div>\n<\/div>\n<div class=\"x11i5rnm xat24cr x1mh8g0r x1vvkbs xtlvy1s x126k92a\">\n<div dir=\"auto\"><span class=\"html-span xexx8yu x4uap5 x18d9i69 xkhd6sd x1hl2dhg x16tdsg8 x1vvkbs x3nfvp2 x1j61x8r x1fcty0u xdj266r xat24cr xgzva0m xhhsvwb xxymvpz xlup9mm x1kky2od\"><img loading=\"lazy\" decoding=\"async\" class=\"xz74otr x168nmei x13lgxp2 x5pf9jr xo71vjh\" src=\"https:\/\/static.xx.fbcdn.net\/images\/emoji.php\/v9\/td2\/2\/16\/2714.png\" alt=\"&#x2714;\" width=\"16\" height=\"16\" \/><\/span> Uygun kullan\u0131m:<\/div>\n<div dir=\"auto\">\u2022 Yemekler ve salatalar<\/div>\n<div dir=\"auto\">\u2022 Do\u011fal cilt ve sa\u00e7 bak\u0131m\u0131<\/div>\n<\/div>\n<div class=\"x11i5rnm xat24cr x1mh8g0r x1vvkbs xtlvy1s x126k92a\">\n<div dir=\"auto\"><span class=\"html-span xexx8yu x4uap5 x18d9i69 xkhd6sd x1hl2dhg x16tdsg8 x1vvkbs x3nfvp2 x1j61x8r x1fcty0u xdj266r xat24cr xgzva0m xhhsvwb xxymvpz xlup9mm x1kky2od\"><img loading=\"lazy\" decoding=\"async\" class=\"xz74otr x168nmei x13lgxp2 x5pf9jr xo71vjh\" src=\"https:\/\/static.xx.fbcdn.net\/images\/emoji.php\/v9\/td2\/2\/16\/2714.png\" alt=\"&#x2714;\" width=\"16\" height=\"16\" \/><\/span> %100 do\u011fal \u2013 Katk\u0131 ve koruyucu i\u00e7ermez<\/div>\n<\/div>\n<div class=\"x11i5rnm xat24cr x1mh8g0r x1vvkbs xtlvy1s x126k92a\">\n<div dir=\"auto\"><span class=\"html-span xdj266r x11i5rnm xat24cr x1mh8g0r xexx8yu x4uap5 x18d9i69 xkhd6sd x1hl2dhg x16tdsg8 x1vvkbs\"><a class=\"x1i10hfl xjbqb8w x1ejq31n xd10rxx x1sy0etr x17r0tee x972fbf xcfux6l x1qhh985 xm0m39n x9f619 x1ypdohk xt0psk2 xe8uvvx xdj266r x11i5rnm xat24cr x1mh8g0r xexx8yu x4uap5 x18d9i69 xkhd6sd x16tdsg8 x1hl2dhg xggy1nq x1a2a7pz xkrqix3 x1sur9pj x1fey0fg x1s688f\" role=\"link\" href=\"https:\/\/www.facebook.com\/hashtag\/nclorganic?__eep__=6&amp;__cft__[0]=AZXb2G2LbGV6TwXbF7ZJMP30x59Blqr0xmLAqaxKgQpDm_QEPomIG61SliKh55Vlk6ENGnjJ3A94pLIDQAP-Fw3P-ZMePo-WquTdE6R_46rVco7am55BYz0fU7bQ0IRa0JtUQZ0ICvMpkd0i0aFrdfMqimNXLnMdkmAriCyCYA_LpfC4orjOJyhWuj-PBC7XpQ3fS7mRawPE3YCByFgHMdCV&amp;__tn__=*NK-R\">#NCLOrganic<\/a><\/span> <span class=\"html-span xdj266r x11i5rnm xat24cr x1mh8g0r xexx8yu x4uap5 x18d9i69 xkhd6sd x1hl2dhg x16tdsg8 x1vvkbs\"><a class=\"x1i10hfl xjbqb8w x1ejq31n xd10rxx x1sy0etr x17r0tee x972fbf xcfux6l x1qhh985 xm0m39n x9f619 x1ypdohk xt0psk2 xe8uvvx xdj266r x11i5rnm xat24cr x1mh8g0r xexx8yu x4uap5 x18d9i69 xkhd6sd x16tdsg8 x1hl2dhg xggy1nq x1a2a7pz xkrqix3 x1sur9pj x1fey0fg x1s688f\" role=\"link\" href=\"https:\/\/www.facebook.com\/hashtag\/zeytinya%C4%9F%C4%B1?__eep__=6&amp;__cft__[0]=AZXb2G2LbGV6TwXbF7ZJMP30x59Blqr0xmLAqaxKgQpDm_QEPomIG61SliKh55Vlk6ENGnjJ3A94pLIDQAP-Fw3P-ZMePo-WquTdE6R_46rVco7am55BYz0fU7bQ0IRa0JtUQZ0ICvMpkd0i0aFrdfMqimNXLnMdkmAriCyCYA_LpfC4orjOJyhWuj-PBC7XpQ3fS7mRawPE3YCByFgHMdCV&amp;__tn__=*NK-R\">#Zeytinya\u011f\u0131<\/a><\/span> <span class=\"html-span xdj266r x11i5rnm xat24cr x1mh8g0r xexx8yu x4uap5 x18d9i69 xkhd6sd x1hl2dhg x16tdsg8 x1vvkbs\"><a class=\"x1i10hfl xjbqb8w x1ejq31n xd10rxx x1sy0etr x17r0tee x972fbf xcfux6l x1qhh985 xm0m39n x9f619 x1ypdohk xt0psk2 xe8uvvx xdj266r x11i5rnm xat24cr x1mh8g0r xexx8yu x4uap5 x18d9i69 xkhd6sd x16tdsg8 x1hl2dhg xggy1nq x1a2a7pz xkrqix3 x1sur9pj x1fey0fg x1s688f\" role=\"link\" href=\"https:\/\/www.facebook.com\/hashtag\/vitamine?__eep__=6&amp;__cft__[0]=AZXb2G2LbGV6TwXbF7ZJMP30x59Blqr0xmLAqaxKgQpDm_QEPomIG61SliKh55Vlk6ENGnjJ3A94pLIDQAP-Fw3P-ZMePo-WquTdE6R_46rVco7am55BYz0fU7bQ0IRa0JtUQZ0ICvMpkd0i0aFrdfMqimNXLnMdkmAriCyCYA_LpfC4orjOJyhWuj-PBC7XpQ3fS7mRawPE3YCByFgHMdCV&amp;__tn__=*NK-R\">#VitaminE<\/a><\/span> <span class=\"html-span xdj266r x11i5rnm xat24cr x1mh8g0r xexx8yu x4uap5 x18d9i69 xkhd6sd x1hl2dhg x16tdsg8 x1vvkbs\"><a class=\"x1i10hfl xjbqb8w x1ejq31n xd10rxx x1sy0etr x17r0tee x972fbf xcfux6l x1qhh985 xm0m39n x9f619 x1ypdohk xt0psk2 xe8uvvx xdj266r x11i5rnm xat24cr x1mh8g0r xexx8yu x4uap5 x18d9i69 xkhd6sd x16tdsg8 x1hl2dhg xggy1nq x1a2a7pz xkrqix3 x1sur9pj x1fey0fg x1s688f\" role=\"link\" href=\"https:\/\/www.facebook.com\/hashtag\/vitamink?__eep__=6&amp;__cft__[0]=AZXb2G2LbGV6TwXbF7ZJMP30x59Blqr0xmLAqaxKgQpDm_QEPomIG61SliKh55Vlk6ENGnjJ3A94pLIDQAP-Fw3P-ZMePo-WquTdE6R_46rVco7am55BYz0fU7bQ0IRa0JtUQZ0ICvMpkd0i0aFrdfMqimNXLnMdkmAriCyCYA_LpfC4orjOJyhWuj-PBC7XpQ3fS7mRawPE3YCByFgHMdCV&amp;__tn__=*NK-R\">#VitaminK<\/a><\/span> <span class=\"html-span xdj266r x11i5rnm xat24cr x1mh8g0r xexx8yu x4uap5 x18d9i69 xkhd6sd x1hl2dhg x16tdsg8 x1vvkbs\"><a class=\"x1i10hfl xjbqb8w x1ejq31n xd10rxx x1sy0etr x17r0tee x972fbf xcfux6l x1qhh985 xm0m39n x9f619 x1ypdohk xt0psk2 xe8uvvx xdj266r x11i5rnm xat24cr x1mh8g0r xexx8yu x4uap5 x18d9i69 xkhd6sd x16tdsg8 x1hl2dhg xggy1nq x1a2a7pz xkrqix3 x1sur9pj x1fey0fg x1s688f\" role=\"link\" href=\"https:\/\/www.facebook.com\/hashtag\/so%C4%9Fuks%C4%B1k%C4%B1m?__eep__=6&amp;__cft__[0]=AZXb2G2LbGV6TwXbF7ZJMP30x59Blqr0xmLAqaxKgQpDm_QEPomIG61SliKh55Vlk6ENGnjJ3A94pLIDQAP-Fw3P-ZMePo-WquTdE6R_46rVco7am55BYz0fU7bQ0IRa0JtUQZ0ICvMpkd0i0aFrdfMqimNXLnMdkmAriCyCYA_LpfC4orjOJyhWuj-PBC7XpQ3fS7mRawPE3YCByFgHMdCV&amp;__tn__=*NK-R\">#So\u011fukS\u0131k\u0131m<\/a><\/span> <span class=\"html-span xdj266r x11i5rnm xat24cr x1mh8g0r xexx8yu x4uap5 x18d9i69 xkhd6sd x1hl2dhg x16tdsg8 x1vvkbs\"><a class=\"x1i10hfl xjbqb8w x1ejq31n xd10rxx x1sy0etr x17r0tee x972fbf xcfux6l x1qhh985 xm0m39n x9f619 x1ypdohk xt0psk2 xe8uvvx xdj266r x11i5rnm xat24cr x1mh8g0r xexx8yu x4uap5 x18d9i69 xkhd6sd x16tdsg8 x1hl2dhg xggy1nq x1a2a7pz xkrqix3 x1sur9pj x1fey0fg x1s688f\" role=\"link\" href=\"https:\/\/www.facebook.com\/hashtag\/do%C4%9Falya%C5%9Fam?__eep__=6&amp;__cft__[0]=AZXb2G2LbGV6TwXbF7ZJMP30x59Blqr0xmLAqaxKgQpDm_QEPomIG61SliKh55Vlk6ENGnjJ3A94pLIDQAP-Fw3P-ZMePo-WquTdE6R_46rVco7am55BYz0fU7bQ0IRa0JtUQZ0ICvMpkd0i0aFrdfMqimNXLnMdkmAriCyCYA_LpfC4orjOJyhWuj-PBC7XpQ3fS7mRawPE3YCByFgHMdCV&amp;__tn__=*NK-R\">#Do\u011falYa\u015fam<\/a><\/span> <span class=\"html-span xdj266r x11i5rnm xat24cr x1mh8g0r xexx8yu x4uap5 x18d9i69 xkhd6sd x1hl2dhg x16tdsg8 x1vvkbs\"><a class=\"x1i10hfl xjbqb8w x1ejq31n xd10rxx x1sy0etr x17r0tee x972fbf xcfux6l x1qhh985 xm0m39n x9f619 x1ypdohk xt0psk2 xe8uvvx xdj266r x11i5rnm xat24cr x1mh8g0r xexx8yu x4uap5 x18d9i69 xkhd6sd x16tdsg8 x1hl2dhg xggy1nq x1a2a7pz xkrqix3 x1sur9pj x1fey0fg x1s688f\" role=\"link\" href=\"https:\/\/www.facebook.com\/hashtag\/kalpdostu?__eep__=6&amp;__cft__[0]=AZXb2G2LbGV6TwXbF7ZJMP30x59Blqr0xmLAqaxKgQpDm_QEPomIG61SliKh55Vlk6ENGnjJ3A94pLIDQAP-Fw3P-ZMePo-WquTdE6R_46rVco7am55BYz0fU7bQ0IRa0JtUQZ0ICvMpkd0i0aFrdfMqimNXLnMdkmAriCyCYA_LpfC4orjOJyhWuj-PBC7XpQ3fS7mRawPE3YCByFgHMdCV&amp;__tn__=*NK-R\">#KalpDostu<\/a><\/span><\/div>\n<\/div>\n<div class=\"x11i5rnm xat24cr x1mh8g0r x1vvkbs xtlvy1s x126k92a\">\n<div dir=\"auto\"><\/div>\n<div dir=\"auto\">*NCL Organic Olive Oil*<\/div>\n<div dir=\"auto\">Cold-pressed | Pure | Mediterranean Quality<\/div>\n<\/div>\n<div class=\"x11i5rnm xat24cr x1mh8g0r x1vvkbs xtlvy1s x126k92a\">\n<div dir=\"auto\"><span class=\"html-span xexx8yu x4uap5 x18d9i69 xkhd6sd x1hl2dhg x16tdsg8 x1vvkbs x3nfvp2 x1j61x8r x1fcty0u xdj266r xat24cr xgzva0m xhhsvwb xxymvpz xlup9mm x1kky2od\"><img loading=\"lazy\" decoding=\"async\" class=\"xz74otr x168nmei x13lgxp2 x5pf9jr xo71vjh\" src=\"https:\/\/static.xx.fbcdn.net\/images\/emoji.php\/v9\/td2\/2\/16\/2714.png\" alt=\"&#x2714;\" width=\"16\" height=\"16\" \/><\/span> Rich in:<\/div>\n<div dir=\"auto\">\u2022 *Vitamin E* \u2013 antioxidant for skin and immune support<\/div>\n<div dir=\"auto\">\u2022 *Vitamin K* \u2013 supports bone and heart health<\/div>\n<div dir=\"auto\">\u2022 Healthy *monounsaturated fats* \u2013 good for heart and brain<\/div>\n<\/div>\n<div class=\"x11i5rnm xat24cr x1mh8g0r x1vvkbs xtlvy1s x126k92a\">\n<div dir=\"auto\"><span class=\"html-span xexx8yu x4uap5 x18d9i69 xkhd6sd x1hl2dhg x16tdsg8 x1vvkbs x3nfvp2 x1j61x8r x1fcty0u xdj266r xat24cr xgzva0m xhhsvwb xxymvpz xlup9mm x1kky2od\"><img loading=\"lazy\" decoding=\"async\" class=\"xz74otr x168nmei x13lgxp2 x5pf9jr xo71vjh\" src=\"https:\/\/static.xx.fbcdn.net\/images\/emoji.php\/v9\/td2\/2\/16\/2714.png\" alt=\"&#x2714;\" width=\"16\" height=\"16\" \/><\/span> Great for:<\/div>\n<div dir=\"auto\">\u2022 Cooking and salads<\/div>\n<div dir=\"auto\">\u2022 Natural skin and hair care<\/div>\n<\/div>\n<div class=\"x11i5rnm xat24cr x1mh8g0r x1vvkbs xtlvy1s x126k92a\">\n<div dir=\"auto\"><span class=\"html-span xexx8yu x4uap5 x18d9i69 xkhd6sd x1hl2dhg x16tdsg8 x1vvkbs x3nfvp2 x1j61x8r x1fcty0u xdj266r xat24cr xgzva0m xhhsvwb xxymvpz xlup9mm x1kky2od\"><img loading=\"lazy\" decoding=\"async\" class=\"xz74otr x168nmei x13lgxp2 x5pf9jr xo71vjh\" src=\"https:\/\/static.xx.fbcdn.net\/images\/emoji.php\/v9\/td2\/2\/16\/2714.png\" alt=\"&#x2714;\" width=\"16\" height=\"16\" \/><\/span> 100% natural \u2013 No additives or preservatives<\/div>\n<\/div>\n<div class=\"x11i5rnm xat24cr x1mh8g0r x1vvkbs xtlvy1s x126k92a\">\n<div dir=\"auto\"><span class=\"html-span xdj266r x11i5rnm xat24cr x1mh8g0r xexx8yu x4uap5 x18d9i69 xkhd6sd x1hl2dhg x16tdsg8 x1vvkbs\"><a class=\"x1i10hfl xjbqb8w x1ejq31n xd10rxx x1sy0etr x17r0tee x972fbf xcfux6l x1qhh985 xm0m39n x9f619 x1ypdohk xt0psk2 xe8uvvx xdj266r x11i5rnm xat24cr x1mh8g0r xexx8yu x4uap5 x18d9i69 xkhd6sd x16tdsg8 x1hl2dhg xggy1nq x1a2a7pz xkrqix3 x1sur9pj x1fey0fg x1s688f\" role=\"link\" href=\"https:\/\/www.facebook.com\/hashtag\/nclorganic?__eep__=6&amp;__cft__[0]=AZXb2G2LbGV6TwXbF7ZJMP30x59Blqr0xmLAqaxKgQpDm_QEPomIG61SliKh55Vlk6ENGnjJ3A94pLIDQAP-Fw3P-ZMePo-WquTdE6R_46rVco7am55BYz0fU7bQ0IRa0JtUQZ0ICvMpkd0i0aFrdfMqimNXLnMdkmAriCyCYA_LpfC4orjOJyhWuj-PBC7XpQ3fS7mRawPE3YCByFgHMdCV&amp;__tn__=*NK-R\">#NCLOrganic<\/a><\/span> <span class=\"html-span xdj266r x11i5rnm xat24cr x1mh8g0r xexx8yu x4uap5 x18d9i69 xkhd6sd x1hl2dhg x16tdsg8 x1vvkbs\"><a class=\"x1i10hfl xjbqb8w x1ejq31n xd10rxx x1sy0etr x17r0tee x972fbf xcfux6l x1qhh985 xm0m39n x9f619 x1ypdohk xt0psk2 xe8uvvx xdj266r x11i5rnm xat24cr x1mh8g0r xexx8yu x4uap5 x18d9i69 xkhd6sd x16tdsg8 x1hl2dhg xggy1nq x1a2a7pz xkrqix3 x1sur9pj x1fey0fg x1s688f\" role=\"link\" href=\"https:\/\/www.facebook.com\/hashtag\/oliveoil?__eep__=6&amp;__cft__[0]=AZXb2G2LbGV6TwXbF7ZJMP30x59Blqr0xmLAqaxKgQpDm_QEPomIG61SliKh55Vlk6ENGnjJ3A94pLIDQAP-Fw3P-ZMePo-WquTdE6R_46rVco7am55BYz0fU7bQ0IRa0JtUQZ0ICvMpkd0i0aFrdfMqimNXLnMdkmAriCyCYA_LpfC4orjOJyhWuj-PBC7XpQ3fS7mRawPE3YCByFgHMdCV&amp;__tn__=*NK-R\">#OliveOil<\/a><\/span> <span class=\"html-span xdj266r x11i5rnm xat24cr x1mh8g0r xexx8yu x4uap5 x18d9i69 xkhd6sd x1hl2dhg x16tdsg8 x1vvkbs\"><a class=\"x1i10hfl xjbqb8w x1ejq31n xd10rxx x1sy0etr x17r0tee x972fbf xcfux6l x1qhh985 xm0m39n x9f619 x1ypdohk xt0psk2 xe8uvvx xdj266r x11i5rnm xat24cr x1mh8g0r xexx8yu x4uap5 x18d9i69 xkhd6sd x16tdsg8 x1hl2dhg xggy1nq x1a2a7pz xkrqix3 x1sur9pj x1fey0fg x1s688f\" role=\"link\" href=\"https:\/\/www.facebook.com\/hashtag\/vitamine?__eep__=6&amp;__cft__[0]=AZXb2G2LbGV6TwXbF7ZJMP30x59Blqr0xmLAqaxKgQpDm_QEPomIG61SliKh55Vlk6ENGnjJ3A94pLIDQAP-Fw3P-ZMePo-WquTdE6R_46rVco7am55BYz0fU7bQ0IRa0JtUQZ0ICvMpkd0i0aFrdfMqimNXLnMdkmAriCyCYA_LpfC4orjOJyhWuj-PBC7XpQ3fS7mRawPE3YCByFgHMdCV&amp;__tn__=*NK-R\">#VitaminE<\/a><\/span> <span class=\"html-span xdj266r x11i5rnm xat24cr x1mh8g0r xexx8yu x4uap5 x18d9i69 xkhd6sd x1hl2dhg x16tdsg8 x1vvkbs\"><a class=\"x1i10hfl xjbqb8w x1ejq31n xd10rxx x1sy0etr x17r0tee x972fbf xcfux6l x1qhh985 xm0m39n x9f619 x1ypdohk xt0psk2 xe8uvvx xdj266r x11i5rnm xat24cr x1mh8g0r xexx8yu x4uap5 x18d9i69 xkhd6sd x16tdsg8 x1hl2dhg xggy1nq x1a2a7pz xkrqix3 x1sur9pj x1fey0fg x1s688f\" role=\"link\" href=\"https:\/\/www.facebook.com\/hashtag\/vitamink?__eep__=6&amp;__cft__[0]=AZXb2G2LbGV6TwXbF7ZJMP30x59Blqr0xmLAqaxKgQpDm_QEPomIG61SliKh55Vlk6ENGnjJ3A94pLIDQAP-Fw3P-ZMePo-WquTdE6R_46rVco7am55BYz0fU7bQ0IRa0JtUQZ0ICvMpkd0i0aFrdfMqimNXLnMdkmAriCyCYA_LpfC4orjOJyhWuj-PBC7XpQ3fS7mRawPE3YCByFgHMdCV&amp;__tn__=*NK-R\">#VitaminK<\/a><\/span> <span class=\"html-span xdj266r x11i5rnm xat24cr x1mh8g0r xexx8yu x4uap5 x18d9i69 xkhd6sd x1hl2dhg x16tdsg8 x1vvkbs\"><a class=\"x1i10hfl xjbqb8w x1ejq31n xd10rxx x1sy0etr x17r0tee x972fbf xcfux6l x1qhh985 xm0m39n x9f619 x1ypdohk xt0psk2 xe8uvvx xdj266r x11i5rnm xat24cr x1mh8g0r xexx8yu x4uap5 x18d9i69 xkhd6sd x16tdsg8 x1hl2dhg xggy1nq x1a2a7pz xkrqix3 x1sur9pj x1fey0fg x1s688f\" role=\"link\" href=\"https:\/\/www.facebook.com\/hashtag\/coldpressed?__eep__=6&amp;__cft__[0]=AZXb2G2LbGV6TwXbF7ZJMP30x59Blqr0xmLAqaxKgQpDm_QEPomIG61SliKh55Vlk6ENGnjJ3A94pLIDQAP-Fw3P-ZMePo-WquTdE6R_46rVco7am55BYz0fU7bQ0IRa0JtUQZ0ICvMpkd0i0aFrdfMqimNXLnMdkmAriCyCYA_LpfC4orjOJyhWuj-PBC7XpQ3fS7mRawPE3YCByFgHMdCV&amp;__tn__=*NK-R\">#ColdPressed<\/a><\/span> <span class=\"html-span xdj266r x11i5rnm xat24cr x1mh8g0r xexx8yu x4uap5 x18d9i69 xkhd6sd x1hl2dhg x16tdsg8 x1vvkbs\"><a class=\"x1i10hfl xjbqb8w x1ejq31n xd10rxx x1sy0etr x17r0tee x972fbf xcfux6l x1qhh985 xm0m39n x9f619 x1ypdohk xt0psk2 xe8uvvx xdj266r x11i5rnm xat24cr x1mh8g0r xexx8yu x4uap5 x18d9i69 xkhd6sd x16tdsg8 x1hl2dhg xggy1nq x1a2a7pz xkrqix3 x1sur9pj x1fey0fg x1s688f\" role=\"link\" href=\"https:\/\/www.facebook.com\/hashtag\/naturalhealth?__eep__=6&amp;__cft__[0]=AZXb2G2LbGV6TwXbF7ZJMP30x59Blqr0xmLAqaxKgQpDm_QEPomIG61SliKh55Vlk6ENGnjJ3A94pLIDQAP-Fw3P-ZMePo-WquTdE6R_46rVco7am55BYz0fU7bQ0IRa0JtUQZ0ICvMpkd0i0aFrdfMqimNXLnMdkmAriCyCYA_LpfC4orjOJyhWuj-PBC7XpQ3fS7mRawPE3YCByFgHMdCV&amp;__tn__=*NK-R\">#NaturalHealth<\/a><\/span> <span class=\"html-span xdj266r x11i5rnm xat24cr x1mh8g0r xexx8yu x4uap5 x18d9i69 xkhd6sd x1hl2dhg x16tdsg8 x1vvkbs\"><a class=\"x1i10hfl xjbqb8w x1ejq31n xd10rxx x1sy0etr x17r0tee x972fbf xcfux6l x1qhh985 xm0m39n x9f619 x1ypdohk xt0psk2 xe8uvvx xdj266r x11i5rnm xat24cr x1mh8g0r xexx8yu x4uap5 x18d9i69 xkhd6sd x16tdsg8 x1hl2dhg xggy1nq x1a2a7pz xkrqix3 x1sur9pj x1fey0fg x1s688f\" role=\"link\" href=\"https:\/\/www.facebook.com\/hashtag\/hearthealthy?__eep__=6&amp;__cft__[0]=AZXb2G2LbGV6TwXbF7ZJMP30x59Blqr0xmLAqaxKgQpDm_QEPomIG61SliKh55Vlk6ENGnjJ3A94pLIDQAP-Fw3P-ZMePo-WquTdE6R_46rVco7am55BYz0fU7bQ0IRa0JtUQZ0ICvMpkd0i0aFrdfMqimNXLnMdkmAriCyCYA_LpfC4orjOJyhWuj-PBC7XpQ3fS7mRawPE3YCByFgHMdCV&amp;__tn__=*NK-R\">#HeartHealthy<\/a><\/span><\/div>\n<\/div>\n<div class=\"x11i5rnm xat24cr x1mh8g0r x1vvkbs xtlvy1s x126k92a\">\n<div dir=\"auto\"><\/div>\n<div dir=\"auto\" style=\"text-align: right;\">*NCL Organic \u0632\u064a\u062a \u0627\u0644\u0632\u064a\u062a\u0648\u0646*<\/div>\n<div dir=\"auto\">\u0645\u0639\u0635\u0648\u0631 \u0639\u0644\u0649 \u0627\u0644\u0628\u0627\u0631\u062f | \u0646\u0642\u064a | \u062c\u0648\u062f\u0629 \u0645\u062a\u0648\u0633\u0637\u064a\u0629<\/div>\n<\/div>\n<div class=\"x11i5rnm xat24cr x1mh8g0r x1vvkbs xtlvy1s x126k92a\">\n<div dir=\"auto\"><span class=\"html-span xexx8yu x4uap5 x18d9i69 xkhd6sd x1hl2dhg x16tdsg8 x1vvkbs x3nfvp2 x1j61x8r x1fcty0u xdj266r xat24cr xgzva0m xhhsvwb xxymvpz xlup9mm x1kky2od\"><img loading=\"lazy\" decoding=\"async\" class=\"xz74otr x168nmei x13lgxp2 x5pf9jr xo71vjh\" src=\"https:\/\/static.xx.fbcdn.net\/images\/emoji.php\/v9\/td2\/2\/16\/2714.png\" alt=\"&#x2714;\" width=\"16\" height=\"16\" \/><\/span> \u063a\u0646\u064a \u0628\u0640:<\/div>\n<div dir=\"auto\">\u2022 *\u0641\u064a\u062a\u0627\u0645\u064a\u0646 E* \u2013 \u0645\u0636\u0627\u062f \u0623\u0643\u0633\u062f\u0629 \u064a\u062f\u0639\u0645 \u0627\u0644\u0628\u0634\u0631\u0629 \u0648\u0627\u0644\u0645\u0646\u0627\u0639\u0629<\/div>\n<div dir=\"auto\">\u2022 *\u0641\u064a\u062a\u0627\u0645\u064a\u0646 K* \u2013 \u064a\u0639\u0632\u0632 \u0635\u062d\u0629 \u0627\u0644\u0639\u0638\u0627\u0645 \u0648\u0627\u0644\u0642\u0644\u0628<\/div>\n<\/div>\n<div class=\"x11i5rnm xat24cr x1mh8g0r x1vvkbs xtlvy1s x126k92a\">\n<div dir=\"auto\">\u2022 \u062f\u0647\u0648\u0646 \u063a\u064a\u0631 \u0645\u0634\u0628\u0639\u0629 \u0635\u062d\u064a\u0629 \u2013 \u0645\u0641\u064a\u062f\u0629 \u0644\u0644\u0642\u0644\u0628 \u0648\u0627\u0644\u062f\u0645\u0627\u063a<\/div>\n<\/div>\n<div class=\"x11i5rnm xat24cr x1mh8g0r x1vvkbs xtlvy1s x126k92a\">\n<div dir=\"auto\"><span class=\"html-span xexx8yu x4uap5 x18d9i69 xkhd6sd x1hl2dhg x16tdsg8 x1vvkbs x3nfvp2 x1j61x8r x1fcty0u xdj266r xat24cr xgzva0m xhhsvwb xxymvpz xlup9mm x1kky2od\"><img loading=\"lazy\" decoding=\"async\" class=\"xz74otr x168nmei x13lgxp2 x5pf9jr xo71vjh\" src=\"https:\/\/static.xx.fbcdn.net\/images\/emoji.php\/v9\/td2\/2\/16\/2714.png\" alt=\"&#x2714;\" width=\"16\" height=\"16\" \/><\/span> \u0645\u062b\u0627\u0644\u064a \u0644\u0640:<\/div>\n<div dir=\"auto\">\u2022 \u0627\u0644\u0637\u0647\u064a \u0648\u0627\u0644\u0633\u0644\u0637\u0627\u062a<\/div>\n<div dir=\"auto\">\u2022 \u0627\u0644\u0639\u0646\u0627\u064a\u0629 \u0627\u0644\u0637\u0628\u064a\u0639\u064a\u0629 \u0628\u0627\u0644\u0628\u0634\u0631\u0629 \u0648\u0627\u0644\u0634\u0639\u0631<\/div>\n<\/div>\n<div class=\"x11i5rnm xat24cr x1mh8g0r x1vvkbs xtlvy1s x126k92a\">\n<div dir=\"auto\"><span class=\"html-span xexx8yu x4uap5 x18d9i69 xkhd6sd x1hl2dhg x16tdsg8 x1vvkbs x3nfvp2 x1j61x8r x1fcty0u xdj266r xat24cr xgzva0m xhhsvwb xxymvpz xlup9mm x1kky2od\"><img loading=\"lazy\" decoding=\"async\" class=\"xz74otr x168nmei x13lgxp2 x5pf9jr xo71vjh\" src=\"https:\/\/static.xx.fbcdn.net\/images\/emoji.php\/v9\/td2\/2\/16\/2714.png\" alt=\"&#x2714;\" width=\"16\" height=\"16\" \/><\/span> \u0637\u0628\u064a\u0639\u064a 100% \u2013 \u0628\u062f\u0648\u0646 \u0645\u0648\u0627\u062f \u0645\u0636\u0627\u0641\u0629 \u0623\u0648 \u062d\u0627\u0641\u0638\u0629<\/div>\n<\/div>\n<div class=\"x11i5rnm xat24cr x1mh8g0r x1vvkbs xtlvy1s x126k92a\">\n<div dir=\"auto\" style=\"text-align: right;\"><span class=\"html-span xdj266r x11i5rnm xat24cr x1mh8g0r xexx8yu x4uap5 x18d9i69 xkhd6sd x1hl2dhg x16tdsg8 x1vvkbs\"><a class=\"x1i10hfl xjbqb8w x1ejq31n xd10rxx x1sy0etr x17r0tee x972fbf xcfux6l x1qhh985 xm0m39n x9f619 x1ypdohk xt0psk2 xe8uvvx xdj266r x11i5rnm xat24cr x1mh8g0r xexx8yu x4uap5 x18d9i69 xkhd6sd x16tdsg8 x1hl2dhg xggy1nq x1a2a7pz xkrqix3 x1sur9pj x1fey0fg x1s688f\" role=\"link\" href=\"https:\/\/www.facebook.com\/hashtag\/nclorganic?__eep__=6&amp;__cft__[0]=AZXb2G2LbGV6TwXbF7ZJMP30x59Blqr0xmLAqaxKgQpDm_QEPomIG61SliKh55Vlk6ENGnjJ3A94pLIDQAP-Fw3P-ZMePo-WquTdE6R_46rVco7am55BYz0fU7bQ0IRa0JtUQZ0ICvMpkd0i0aFrdfMqimNXLnMdkmAriCyCYA_LpfC4orjOJyhWuj-PBC7XpQ3fS7mRawPE3YCByFgHMdCV&amp;__tn__=*NK-R\">#NCLOrganic<\/a><\/span> <span class=\"html-span xdj266r x11i5rnm xat24cr x1mh8g0r xexx8yu x4uap5 x18d9i69 xkhd6sd x1hl2dhg x16tdsg8 x1vvkbs\"><a class=\"x1i10hfl xjbqb8w x1ejq31n xd10rxx x1sy0etr x17r0tee x972fbf xcfux6l x1qhh985 xm0m39n x9f619 x1ypdohk xt0psk2 xe8uvvx xdj266r x11i5rnm xat24cr x1mh8g0r xexx8yu x4uap5 x18d9i69 xkhd6sd x16tdsg8 x1hl2dhg xggy1nq x1a2a7pz xkrqix3 x1sur9pj x1fey0fg x1s688f\" role=\"link\" href=\"https:\/\/www.facebook.com\/hashtag\/%D8%B2%D9%8A%D8%AA_%D8%A7%D9%84%D8%B2%D9%8A%D8%AA%D9%88%D9%86?__eep__=6&amp;__cft__[0]=AZXb2G2LbGV6TwXbF7ZJMP30x59Blqr0xmLAqaxKgQpDm_QEPomIG61SliKh55Vlk6ENGnjJ3A94pLIDQAP-Fw3P-ZMePo-WquTdE6R_46rVco7am55BYz0fU7bQ0IRa0JtUQZ0ICvMpkd0i0aFrdfMqimNXLnMdkmAriCyCYA_LpfC4orjOJyhWuj-PBC7XpQ3fS7mRawPE3YCByFgHMdCV&amp;__tn__=*NK-R\">#\u0632\u064a\u062a_\u0627\u0644\u0632\u064a\u062a\u0648\u0646<\/a><\/span> <span class=\"html-span xdj266r x11i5rnm xat24cr x1mh8g0r xexx8yu x4uap5 x18d9i69 xkhd6sd x1hl2dhg x16tdsg8 x1vvkbs\"><a class=\"x1i10hfl xjbqb8w x1ejq31n xd10rxx x1sy0etr x17r0tee x972fbf xcfux6l x1qhh985 xm0m39n x9f619 x1ypdohk xt0psk2 xe8uvvx xdj266r x11i5rnm xat24cr x1mh8g0r xexx8yu x4uap5 x18d9i69 xkhd6sd x16tdsg8 x1hl2dhg xggy1nq x1a2a7pz xkrqix3 x1sur9pj x1fey0fg x1s688f\" role=\"link\" href=\"https:\/\/www.facebook.com\/hashtag\/%D9%81%D9%8A%D8%AA%D8%A7%D9%85%D9%8A%D9%86_e?__eep__=6&amp;__cft__[0]=AZXb2G2LbGV6TwXbF7ZJMP30x59Blqr0xmLAqaxKgQpDm_QEPomIG61SliKh55Vlk6ENGnjJ3A94pLIDQAP-Fw3P-ZMePo-WquTdE6R_46rVco7am55BYz0fU7bQ0IRa0JtUQZ0ICvMpkd0i0aFrdfMqimNXLnMdkmAriCyCYA_LpfC4orjOJyhWuj-PBC7XpQ3fS7mRawPE3YCByFgHMdCV&amp;__tn__=*NK-R\">#\u0641\u064a\u062a\u0627\u0645\u064a\u0646_E<\/a><\/span> <span class=\"html-span xdj266r x11i5rnm xat24cr x1mh8g0r xexx8yu x4uap5 x18d9i69 xkhd6sd x1hl2dhg x16tdsg8 x1vvkbs\"><a class=\"x1i10hfl xjbqb8w x1ejq31n xd10rxx x1sy0etr x17r0tee x972fbf xcfux6l x1qhh985 xm0m39n x9f619 x1ypdohk xt0psk2 xe8uvvx xdj266r x11i5rnm xat24cr x1mh8g0r xexx8yu x4uap5 x18d9i69 xkhd6sd x16tdsg8 x1hl2dhg xggy1nq x1a2a7pz xkrqix3 x1sur9pj x1fey0fg x1s688f\" role=\"link\" href=\"https:\/\/www.facebook.com\/hashtag\/%D9%81%D9%8A%D8%AA%D8%A7%D9%85%D9%8A%D9%86_k?__eep__=6&amp;__cft__[0]=AZXb2G2LbGV6TwXbF7ZJMP30x59Blqr0xmLAqaxKgQpDm_QEPomIG61SliKh55Vlk6ENGnjJ3A94pLIDQAP-Fw3P-ZMePo-WquTdE6R_46rVco7am55BYz0fU7bQ0IRa0JtUQZ0ICvMpkd0i0aFrdfMqimNXLnMdkmAriCyCYA_LpfC4orjOJyhWuj-PBC7XpQ3fS7mRawPE3YCByFgHMdCV&amp;__tn__=*NK-R\">#\u0641\u064a\u062a\u0627\u0645\u064a\u0646_K<\/a><\/span> <span class=\"html-span xdj266r x11i5rnm xat24cr x1mh8g0r xexx8yu x4uap5 x18d9i69 xkhd6sd x1hl2dhg x16tdsg8 x1vvkbs\"><a class=\"x1i10hfl xjbqb8w x1ejq31n xd10rxx x1sy0etr x17r0tee x972fbf xcfux6l x1qhh985 xm0m39n x9f619 x1ypdohk xt0psk2 xe8uvvx xdj266r x11i5rnm xat24cr x1mh8g0r xexx8yu x4uap5 x18d9i69 xkhd6sd x16tdsg8 x1hl2dhg xggy1nq x1a2a7pz xkrqix3 x1sur9pj x1fey0fg x1s688f\" role=\"link\" href=\"https:\/\/www.facebook.com\/hashtag\/%D8%B2%D9%8A%D8%AA_%D8%B7%D8%A8%D9%8A%D8%B9%D9%8A?__eep__=6&amp;__cft__[0]=AZXb2G2LbGV6TwXbF7ZJMP30x59Blqr0xmLAqaxKgQpDm_QEPomIG61SliKh55Vlk6ENGnjJ3A94pLIDQAP-Fw3P-ZMePo-WquTdE6R_46rVco7am55BYz0fU7bQ0IRa0JtUQZ0ICvMpkd0i0aFrdfMqimNXLnMdkmAriCyCYA_LpfC4orjOJyhWuj-PBC7XpQ3fS7mRawPE3YCByFgHMdCV&amp;__tn__=*NK-R\">#\u0632\u064a\u062a_\u0637\u0628\u064a\u0639\u064a<\/a><\/span> <span class=\"html-span xdj266r x11i5rnm xat24cr x1mh8g0r xexx8yu x4uap5 x18d9i69 xkhd6sd x1hl2dhg x16tdsg8 x1vvkbs\"><a class=\"x1i10hfl xjbqb8w x1ejq31n xd10rxx x1sy0etr x17r0tee x972fbf xcfux6l x1qhh985 xm0m39n x9f619 x1ypdohk xt0psk2 xe8uvvx xdj266r x11i5rnm xat24cr x1mh8g0r xexx8yu x4uap5 x18d9i69 xkhd6sd x16tdsg8 x1hl2dhg xggy1nq x1a2a7pz xkrqix3 x1sur9pj x1fey0fg x1s688f\" role=\"link\" href=\"https:\/\/www.facebook.com\/hashtag\/%D8%B5%D8%AD%D8%A9_%D8%A7%D9%84%D9%82%D9%84%D8%A8?__eep__=6&amp;__cft__[0]=AZXb2G2LbGV6TwXbF7ZJMP30x59Blqr0xmLAqaxKgQpDm_QEPomIG61SliKh55Vlk6ENGnjJ3A94pLIDQAP-Fw3P-ZMePo-WquTdE6R_46rVco7am55BYz0fU7bQ0IRa0JtUQZ0ICvMpkd0i0aFrdfMqimNXLnMdkmAriCyCYA_LpfC4orjOJyhWuj-PBC7XpQ3fS7mRawPE3YCByFgHMdCV&amp;__tn__=*NK-R\">#\u0635\u062d\u0629_\u0627\u0644\u0642\u0644\u0628<\/a><\/span> <span class=\"html-span xdj266r x11i5rnm xat24cr x1mh8g0r xexx8yu x4uap5 x18d9i69 xkhd6sd x1hl2dhg x16tdsg8 x1vvkbs\"><a class=\"x1i10hfl xjbqb8w x1ejq31n xd10rxx x1sy0etr x17r0tee x972fbf xcfux6l x1qhh985 xm0m39n x9f619 x1ypdohk xt0psk2 xe8uvvx xdj266r x11i5rnm xat24cr x1mh8g0r xexx8yu x4uap5 x18d9i69 xkhd6sd x16tdsg8 x1hl2dhg xggy1nq x1a2a7pz xkrqix3 x1sur9pj x1fey0fg x1s688f\" role=\"link\" href=\"https:\/\/www.facebook.com\/hashtag\/%D9%85%D8%B9%D8%B5%D9%88%D8%B1_%D8%B9%D9%84%D9%89_%D8%A7%D9%84%D8%A8%D8%A7%D8%B1%D8%AF?__eep__=6&amp;__cft__[0]=AZXb2G2LbGV6TwXbF7ZJMP30x59Blqr0xmLAqaxKgQpDm_QEPomIG61SliKh55Vlk6ENGnjJ3A94pLIDQAP-Fw3P-ZMePo-WquTdE6R_46rVco7am55BYz0fU7bQ0IRa0JtUQZ0ICvMpkd0i0aFrdfMqimNXLnMdkmAriCyCYA_LpfC4orjOJyhWuj-PBC7XpQ3fS7mRawPE3YCByFgHMdCV&amp;__tn__=*NK-R\">#\u0645\u0639\u0635\u0648\u0631_\u0639\u0644\u0649_\u0627\u0644\u0628\u0627\u0631\u062f<\/a><\/span><\/div>\n<\/div>","protected":false},"excerpt":{"rendered":"<p>NCL Organic Zeytinya\u011f\u0131 \u2013 1000ml Olive Oil \u2013 \u0632\u064a\u062a \u0627\u0644\u0632\u064a\u062a\u0648\u0646<\/p>","protected":false},"featured_media":10704,"comment_status":"open","ping_status":"closed","template":"","meta":{"_joinchat":[]},"product_cat":[100],"product_tag":[],"class_list":{"0":"post-10703","1":"product","2":"type-product","3":"status-publish","4":"has-post-thumbnail","6":"product_cat-dogal-yagi-natural-oil","8":"first","9":"instock","10":"sale","11":"shipping-taxable","12":"purchasable","13":"product-type-simple"},"jetpack_sharing_enabled":true,"_links":{"self":[{"href":"https:\/\/www.nclorganic.com\/en\/wp-json\/wp\/v2\/product\/10703","targetHints":{"allow":["GET"]}}],"collection":[{"href":"https:\/\/www.nclorganic.com\/en\/wp-json\/wp\/v2\/product"}],"about":[{"href":"https:\/\/www.nclorganic.com\/en\/wp-json\/wp\/v2\/types\/product"}],"replies":[{"embeddable":true,"href":"https:\/\/www.nclorganic.com\/en\/wp-json\/wp\/v2\/comments?post=10703"}],"wp:featuredmedia":[{"embeddable":true,"href":"https:\/\/www.nclorganic.com\/en\/wp-json\/wp\/v2\/media\/10704"}],"wp:attachment":[{"href":"https:\/\/www.nclorganic.com\/en\/wp-json\/wp\/v2\/media?parent=10703"}],"wp:term":[{"taxonomy":"product_cat","embeddable":true,"href":"https:\/\/www.nclorganic.com\/en\/wp-json\/wp\/v2\/product_cat?post=10703"},{"taxonomy":"product_tag","embeddable":true,"href":"https:\/\/www.nclorganic.com\/en\/wp-json\/wp\/v2\/product_tag?post=10703"}],"curies":[{"name":"wp","href":"https:\/\/api.w.org\/{rel}","templated":true}]}}