{"id":10611,"date":"2025-05-25T06:30:17","date_gmt":"2025-05-25T09:30:17","guid":{"rendered":"https:\/\/www.nclorganic.com\/?post_type=product&#038;p=10611"},"modified":"2025-05-25T07:07:53","modified_gmt":"2025-05-25T10:07:53","slug":"ncl-organic-findik-yagi-50ml-hazelnut-oil-%d8%b2%d9%8a%d8%aa-%d8%a7%d9%84%d8%a8%d9%86%d8%af%d9%82","status":"publish","type":"product","link":"https:\/\/www.nclorganic.com\/en\/product\/ncl-organic-findik-yagi-50ml-hazelnut-oil-%d8%b2%d9%8a%d8%aa-%d8%a7%d9%84%d8%a8%d9%86%d8%af%d9%82\/","title":{"rendered":"NCL ORGANIC 100% F\u0131nd\u0131k Ya\u011f\u0131 50ml &#8211; Hazelnut Oil &#8211; \u0632\u064a\u062a \u0627\u0644\u0628\u0646\u062f\u0642"},"content":{"rendered":"<div class=\"xdj266r x11i5rnm xat24cr x1mh8g0r x1vvkbs x126k92a\">\n<div dir=\"auto\">NCL ORGANIC &#8211; *All Natural*<\/div>\n<div dir=\"auto\"><span class=\"html-span xdj266r x11i5rnm xat24cr x1mh8g0r xexx8yu x4uap5 x18d9i69 xkhd6sd x1hl2dhg x16tdsg8 x1vvkbs\"><a class=\"x1i10hfl xjbqb8w x1ejq31n xd10rxx x1sy0etr x17r0tee x972fbf xcfux6l x1qhh985 xm0m39n x9f619 x1ypdohk xt0psk2 xe8uvvx xdj266r x11i5rnm xat24cr x1mh8g0r xexx8yu x4uap5 x18d9i69 xkhd6sd x16tdsg8 x1hl2dhg xggy1nq x1a2a7pz xkrqix3 x1sur9pj x1fey0fg x1s688f\" role=\"link\" href=\"http:\/\/www.nclorganic.com\/en\/?fbclid=IwZXh0bgNhZW0CMTAAYnJpZBExUTdaM25NbGJhOFY5TkJIRgEeGtulrxY0DBs9uvOpzF94KK_pR26wA8gfuyq5FXqEqNjVrNO6SShGgtWSSkA_aem_d99A5eFcuGeHQp49NoBtMw\" target=\"_blank\" rel=\"nofollow noopener noreferrer\">www.NCLorganic.com<\/a><\/span><\/div>\n<\/div>\n<div class=\"x11i5rnm xat24cr x1mh8g0r x1vvkbs xtlvy1s x126k92a\">\n<div dir=\"auto\"><\/div>\n<div dir=\"auto\">*F\u0131nd\u0131k Ya\u011f\u0131 \u2013 Do\u011fal ve Besleyici*<\/div>\n<div dir=\"auto\">&#8211; Cilt sa\u011fl\u0131\u011f\u0131 i\u00e7in E vitamini a\u00e7\u0131s\u0131ndan zengin<\/div>\n<div dir=\"auto\">&#8211; Kalp ve beyin fonksiyonlar\u0131n\u0131 destekler<\/div>\n<div dir=\"auto\">&#8211; Sa\u011fl\u0131kl\u0131 doymam\u0131\u015f ya\u011flar i\u00e7erir<\/div>\n<div dir=\"auto\">&#8211; Cilt elastikiyetini ve nemini art\u0131r\u0131r<\/div>\n<div dir=\"auto\">&#8211; Yemeklerde veya cilt bak\u0131m\u0131nda kullan\u0131labilir<\/div>\n<\/div>\n<div class=\"x11i5rnm xat24cr x1mh8g0r x1vvkbs xtlvy1s x126k92a\">\n<div dir=\"auto\">*<span class=\"html-span xdj266r x11i5rnm xat24cr x1mh8g0r xexx8yu x4uap5 x18d9i69 xkhd6sd x1hl2dhg x16tdsg8 x1vvkbs\"><a class=\"x1i10hfl xjbqb8w x1ejq31n xd10rxx x1sy0etr x17r0tee x972fbf xcfux6l x1qhh985 xm0m39n x9f619 x1ypdohk xt0psk2 xe8uvvx xdj266r x11i5rnm xat24cr x1mh8g0r xexx8yu x4uap5 x18d9i69 xkhd6sd x16tdsg8 x1hl2dhg xggy1nq x1a2a7pz xkrqix3 x1sur9pj x1fey0fg x1s688f\" role=\"link\" href=\"https:\/\/www.facebook.com\/hashtag\/nclorganic?__eep__=6&amp;__cft__[0]=AZXuN17lzWWVLorPDY946PXXKakslPI9HL2waNhwIRcL7Pu_2GphiG_CvTp6Rgk4HYvx9Pi7whbDRE4jv0lE6Fpgqbx7q_tYrvyHOUeHJYE-lpsnRIG86sMgfQUokSJFcMLfKmXPqBs8Uliruxakld2FWovQ1QbZwvOniKxaHLp4XssZuzDj7ogIvg9AKkMtT0N7TCo5DKUiV-Srx01hwElO&amp;__tn__=*NK-R\">#NCLorganic<\/a><\/span> <span class=\"html-span xdj266r x11i5rnm xat24cr x1mh8g0r xexx8yu x4uap5 x18d9i69 xkhd6sd x1hl2dhg x16tdsg8 x1vvkbs\"><a class=\"x1i10hfl xjbqb8w x1ejq31n xd10rxx x1sy0etr x17r0tee x972fbf xcfux6l x1qhh985 xm0m39n x9f619 x1ypdohk xt0psk2 xe8uvvx xdj266r x11i5rnm xat24cr x1mh8g0r xexx8yu x4uap5 x18d9i69 xkhd6sd x16tdsg8 x1hl2dhg xggy1nq x1a2a7pz xkrqix3 x1sur9pj x1fey0fg x1s688f\" role=\"link\" href=\"https:\/\/www.facebook.com\/hashtag\/f%C4%B1nd%C4%B1kya%C4%9F%C4%B1?__eep__=6&amp;__cft__[0]=AZXuN17lzWWVLorPDY946PXXKakslPI9HL2waNhwIRcL7Pu_2GphiG_CvTp6Rgk4HYvx9Pi7whbDRE4jv0lE6Fpgqbx7q_tYrvyHOUeHJYE-lpsnRIG86sMgfQUokSJFcMLfKmXPqBs8Uliruxakld2FWovQ1QbZwvOniKxaHLp4XssZuzDj7ogIvg9AKkMtT0N7TCo5DKUiV-Srx01hwElO&amp;__tn__=*NK-R\">#F\u0131nd\u0131kYa\u011f\u0131<\/a><\/span> <span class=\"html-span xdj266r x11i5rnm xat24cr x1mh8g0r xexx8yu x4uap5 x18d9i69 xkhd6sd x1hl2dhg x16tdsg8 x1vvkbs\"><a class=\"x1i10hfl xjbqb8w x1ejq31n xd10rxx x1sy0etr x17r0tee x972fbf xcfux6l x1qhh985 xm0m39n x9f619 x1ypdohk xt0psk2 xe8uvvx xdj266r x11i5rnm xat24cr x1mh8g0r xexx8yu x4uap5 x18d9i69 xkhd6sd x16tdsg8 x1hl2dhg xggy1nq x1a2a7pz xkrqix3 x1sur9pj x1fey0fg x1s688f\" role=\"link\" href=\"https:\/\/www.facebook.com\/hashtag\/do%C4%9Falya%C4%9Flar?__eep__=6&amp;__cft__[0]=AZXuN17lzWWVLorPDY946PXXKakslPI9HL2waNhwIRcL7Pu_2GphiG_CvTp6Rgk4HYvx9Pi7whbDRE4jv0lE6Fpgqbx7q_tYrvyHOUeHJYE-lpsnRIG86sMgfQUokSJFcMLfKmXPqBs8Uliruxakld2FWovQ1QbZwvOniKxaHLp4XssZuzDj7ogIvg9AKkMtT0N7TCo5DKUiV-Srx01hwElO&amp;__tn__=*NK-R\">#Do\u011falYa\u011flar<\/a><\/span> <span class=\"html-span xdj266r x11i5rnm xat24cr x1mh8g0r xexx8yu x4uap5 x18d9i69 xkhd6sd x1hl2dhg x16tdsg8 x1vvkbs\"><a class=\"x1i10hfl xjbqb8w x1ejq31n xd10rxx x1sy0etr x17r0tee x972fbf xcfux6l x1qhh985 xm0m39n x9f619 x1ypdohk xt0psk2 xe8uvvx xdj266r x11i5rnm xat24cr x1mh8g0r xexx8yu x4uap5 x18d9i69 xkhd6sd x16tdsg8 x1hl2dhg xggy1nq x1a2a7pz xkrqix3 x1sur9pj x1fey0fg x1s688f\" role=\"link\" href=\"https:\/\/www.facebook.com\/hashtag\/ciltbak%C4%B1m%C4%B1?__eep__=6&amp;__cft__[0]=AZXuN17lzWWVLorPDY946PXXKakslPI9HL2waNhwIRcL7Pu_2GphiG_CvTp6Rgk4HYvx9Pi7whbDRE4jv0lE6Fpgqbx7q_tYrvyHOUeHJYE-lpsnRIG86sMgfQUokSJFcMLfKmXPqBs8Uliruxakld2FWovQ1QbZwvOniKxaHLp4XssZuzDj7ogIvg9AKkMtT0N7TCo5DKUiV-Srx01hwElO&amp;__tn__=*NK-R\">#CiltBak\u0131m\u0131<\/a><\/span> <span class=\"html-span xdj266r x11i5rnm xat24cr x1mh8g0r xexx8yu x4uap5 x18d9i69 xkhd6sd x1hl2dhg x16tdsg8 x1vvkbs\"><a class=\"x1i10hfl xjbqb8w x1ejq31n xd10rxx x1sy0etr x17r0tee x972fbf xcfux6l x1qhh985 xm0m39n x9f619 x1ypdohk xt0psk2 xe8uvvx xdj266r x11i5rnm xat24cr x1mh8g0r xexx8yu x4uap5 x18d9i69 xkhd6sd x16tdsg8 x1hl2dhg xggy1nq x1a2a7pz xkrqix3 x1sur9pj x1fey0fg x1s688f\" role=\"link\" href=\"https:\/\/www.facebook.com\/hashtag\/sa%C4%9Fl%C4%B1kl%C4%B1ya%C4%9Flar?__eep__=6&amp;__cft__[0]=AZXuN17lzWWVLorPDY946PXXKakslPI9HL2waNhwIRcL7Pu_2GphiG_CvTp6Rgk4HYvx9Pi7whbDRE4jv0lE6Fpgqbx7q_tYrvyHOUeHJYE-lpsnRIG86sMgfQUokSJFcMLfKmXPqBs8Uliruxakld2FWovQ1QbZwvOniKxaHLp4XssZuzDj7ogIvg9AKkMtT0N7TCo5DKUiV-Srx01hwElO&amp;__tn__=*NK-R\">#Sa\u011fl\u0131kl\u0131Ya\u011flar<\/a><\/span> <span class=\"html-span xdj266r x11i5rnm xat24cr x1mh8g0r xexx8yu x4uap5 x18d9i69 xkhd6sd x1hl2dhg x16tdsg8 x1vvkbs\"><a class=\"x1i10hfl xjbqb8w x1ejq31n xd10rxx x1sy0etr x17r0tee x972fbf xcfux6l x1qhh985 xm0m39n x9f619 x1ypdohk xt0psk2 xe8uvvx xdj266r x11i5rnm xat24cr x1mh8g0r xexx8yu x4uap5 x18d9i69 xkhd6sd x16tdsg8 x1hl2dhg xggy1nq x1a2a7pz xkrqix3 x1sur9pj x1fey0fg x1s688f\" role=\"link\" href=\"https:\/\/www.facebook.com\/hashtag\/evitamini?__eep__=6&amp;__cft__[0]=AZXuN17lzWWVLorPDY946PXXKakslPI9HL2waNhwIRcL7Pu_2GphiG_CvTp6Rgk4HYvx9Pi7whbDRE4jv0lE6Fpgqbx7q_tYrvyHOUeHJYE-lpsnRIG86sMgfQUokSJFcMLfKmXPqBs8Uliruxakld2FWovQ1QbZwvOniKxaHLp4XssZuzDj7ogIvg9AKkMtT0N7TCo5DKUiV-Srx01hwElO&amp;__tn__=*NK-R\">#Evitamini<\/a><\/span> <span class=\"html-span xdj266r x11i5rnm xat24cr x1mh8g0r xexx8yu x4uap5 x18d9i69 xkhd6sd x1hl2dhg x16tdsg8 x1vvkbs\"><a class=\"x1i10hfl xjbqb8w x1ejq31n xd10rxx x1sy0etr x17r0tee x972fbf xcfux6l x1qhh985 xm0m39n x9f619 x1ypdohk xt0psk2 xe8uvvx xdj266r x11i5rnm xat24cr x1mh8g0r xexx8yu x4uap5 x18d9i69 xkhd6sd x16tdsg8 x1hl2dhg xggy1nq x1a2a7pz xkrqix3 x1sur9pj x1fey0fg x1s688f\" role=\"link\" href=\"https:\/\/www.facebook.com\/hashtag\/so%C4%9Fuks%C4%B1k%C4%B1m?__eep__=6&amp;__cft__[0]=AZXuN17lzWWVLorPDY946PXXKakslPI9HL2waNhwIRcL7Pu_2GphiG_CvTp6Rgk4HYvx9Pi7whbDRE4jv0lE6Fpgqbx7q_tYrvyHOUeHJYE-lpsnRIG86sMgfQUokSJFcMLfKmXPqBs8Uliruxakld2FWovQ1QbZwvOniKxaHLp4XssZuzDj7ogIvg9AKkMtT0N7TCo5DKUiV-Srx01hwElO&amp;__tn__=*NK-R\">#So\u011fukS\u0131k\u0131m<\/a><\/span>*<\/div>\n<\/div>\n<div class=\"x11i5rnm xat24cr x1mh8g0r x1vvkbs xtlvy1s x126k92a\">\n<div dir=\"auto\"><\/div>\n<div dir=\"auto\">*Hazelnut Oil \u2013 Naturally Nutritious*<\/div>\n<div dir=\"auto\">&#8211; Rich in vitamin E for skin health<\/div>\n<div dir=\"auto\">&#8211; Supports heart and brain function<\/div>\n<div dir=\"auto\">&#8211; Contains healthy unsaturated fats<\/div>\n<div dir=\"auto\">&#8211; Boosts skin elasticity and hydration<\/div>\n<div dir=\"auto\">&#8211; Can be used in cooking or skin care<\/div>\n<\/div>\n<div class=\"x11i5rnm xat24cr x1mh8g0r x1vvkbs xtlvy1s x126k92a\">\n<div dir=\"auto\">*<span class=\"html-span xdj266r x11i5rnm xat24cr x1mh8g0r xexx8yu x4uap5 x18d9i69 xkhd6sd x1hl2dhg x16tdsg8 x1vvkbs\"><a class=\"x1i10hfl xjbqb8w x1ejq31n xd10rxx x1sy0etr x17r0tee x972fbf xcfux6l x1qhh985 xm0m39n x9f619 x1ypdohk xt0psk2 xe8uvvx xdj266r x11i5rnm xat24cr x1mh8g0r xexx8yu x4uap5 x18d9i69 xkhd6sd x16tdsg8 x1hl2dhg xggy1nq x1a2a7pz xkrqix3 x1sur9pj x1fey0fg x1s688f\" role=\"link\" href=\"https:\/\/www.facebook.com\/hashtag\/nclorganic?__eep__=6&amp;__cft__[0]=AZXuN17lzWWVLorPDY946PXXKakslPI9HL2waNhwIRcL7Pu_2GphiG_CvTp6Rgk4HYvx9Pi7whbDRE4jv0lE6Fpgqbx7q_tYrvyHOUeHJYE-lpsnRIG86sMgfQUokSJFcMLfKmXPqBs8Uliruxakld2FWovQ1QbZwvOniKxaHLp4XssZuzDj7ogIvg9AKkMtT0N7TCo5DKUiV-Srx01hwElO&amp;__tn__=*NK-R\">#NCLorganic<\/a><\/span> <span class=\"html-span xdj266r x11i5rnm xat24cr x1mh8g0r xexx8yu x4uap5 x18d9i69 xkhd6sd x1hl2dhg x16tdsg8 x1vvkbs\"><a class=\"x1i10hfl xjbqb8w x1ejq31n xd10rxx x1sy0etr x17r0tee x972fbf xcfux6l x1qhh985 xm0m39n x9f619 x1ypdohk xt0psk2 xe8uvvx xdj266r x11i5rnm xat24cr x1mh8g0r xexx8yu x4uap5 x18d9i69 xkhd6sd x16tdsg8 x1hl2dhg xggy1nq x1a2a7pz xkrqix3 x1sur9pj x1fey0fg x1s688f\" role=\"link\" href=\"https:\/\/www.facebook.com\/hashtag\/hazelnutoil?__eep__=6&amp;__cft__[0]=AZXuN17lzWWVLorPDY946PXXKakslPI9HL2waNhwIRcL7Pu_2GphiG_CvTp6Rgk4HYvx9Pi7whbDRE4jv0lE6Fpgqbx7q_tYrvyHOUeHJYE-lpsnRIG86sMgfQUokSJFcMLfKmXPqBs8Uliruxakld2FWovQ1QbZwvOniKxaHLp4XssZuzDj7ogIvg9AKkMtT0N7TCo5DKUiV-Srx01hwElO&amp;__tn__=*NK-R\">#HazelnutOil<\/a><\/span> <span class=\"html-span xdj266r x11i5rnm xat24cr x1mh8g0r xexx8yu x4uap5 x18d9i69 xkhd6sd x1hl2dhg x16tdsg8 x1vvkbs\"><a class=\"x1i10hfl xjbqb8w x1ejq31n xd10rxx x1sy0etr x17r0tee x972fbf xcfux6l x1qhh985 xm0m39n x9f619 x1ypdohk xt0psk2 xe8uvvx xdj266r x11i5rnm xat24cr x1mh8g0r xexx8yu x4uap5 x18d9i69 xkhd6sd x16tdsg8 x1hl2dhg xggy1nq x1a2a7pz xkrqix3 x1sur9pj x1fey0fg x1s688f\" role=\"link\" href=\"https:\/\/www.facebook.com\/hashtag\/naturaloils?__eep__=6&amp;__cft__[0]=AZXuN17lzWWVLorPDY946PXXKakslPI9HL2waNhwIRcL7Pu_2GphiG_CvTp6Rgk4HYvx9Pi7whbDRE4jv0lE6Fpgqbx7q_tYrvyHOUeHJYE-lpsnRIG86sMgfQUokSJFcMLfKmXPqBs8Uliruxakld2FWovQ1QbZwvOniKxaHLp4XssZuzDj7ogIvg9AKkMtT0N7TCo5DKUiV-Srx01hwElO&amp;__tn__=*NK-R\">#NaturalOils<\/a><\/span> <span class=\"html-span xdj266r x11i5rnm xat24cr x1mh8g0r xexx8yu x4uap5 x18d9i69 xkhd6sd x1hl2dhg x16tdsg8 x1vvkbs\"><a class=\"x1i10hfl xjbqb8w x1ejq31n xd10rxx x1sy0etr x17r0tee x972fbf xcfux6l x1qhh985 xm0m39n x9f619 x1ypdohk xt0psk2 xe8uvvx xdj266r x11i5rnm xat24cr x1mh8g0r xexx8yu x4uap5 x18d9i69 xkhd6sd x16tdsg8 x1hl2dhg xggy1nq x1a2a7pz xkrqix3 x1sur9pj x1fey0fg x1s688f\" role=\"link\" href=\"https:\/\/www.facebook.com\/hashtag\/skincare?__eep__=6&amp;__cft__[0]=AZXuN17lzWWVLorPDY946PXXKakslPI9HL2waNhwIRcL7Pu_2GphiG_CvTp6Rgk4HYvx9Pi7whbDRE4jv0lE6Fpgqbx7q_tYrvyHOUeHJYE-lpsnRIG86sMgfQUokSJFcMLfKmXPqBs8Uliruxakld2FWovQ1QbZwvOniKxaHLp4XssZuzDj7ogIvg9AKkMtT0N7TCo5DKUiV-Srx01hwElO&amp;__tn__=*NK-R\">#SkinCare<\/a><\/span> <span class=\"html-span xdj266r x11i5rnm xat24cr x1mh8g0r xexx8yu x4uap5 x18d9i69 xkhd6sd x1hl2dhg x16tdsg8 x1vvkbs\"><a class=\"x1i10hfl xjbqb8w x1ejq31n xd10rxx x1sy0etr x17r0tee x972fbf xcfux6l x1qhh985 xm0m39n x9f619 x1ypdohk xt0psk2 xe8uvvx xdj266r x11i5rnm xat24cr x1mh8g0r xexx8yu x4uap5 x18d9i69 xkhd6sd x16tdsg8 x1hl2dhg xggy1nq x1a2a7pz xkrqix3 x1sur9pj x1fey0fg x1s688f\" role=\"link\" href=\"https:\/\/www.facebook.com\/hashtag\/healthyfats?__eep__=6&amp;__cft__[0]=AZXuN17lzWWVLorPDY946PXXKakslPI9HL2waNhwIRcL7Pu_2GphiG_CvTp6Rgk4HYvx9Pi7whbDRE4jv0lE6Fpgqbx7q_tYrvyHOUeHJYE-lpsnRIG86sMgfQUokSJFcMLfKmXPqBs8Uliruxakld2FWovQ1QbZwvOniKxaHLp4XssZuzDj7ogIvg9AKkMtT0N7TCo5DKUiV-Srx01hwElO&amp;__tn__=*NK-R\">#HealthyFats<\/a><\/span> <span class=\"html-span xdj266r x11i5rnm xat24cr x1mh8g0r xexx8yu x4uap5 x18d9i69 xkhd6sd x1hl2dhg x16tdsg8 x1vvkbs\"><a class=\"x1i10hfl xjbqb8w x1ejq31n xd10rxx x1sy0etr x17r0tee x972fbf xcfux6l x1qhh985 xm0m39n x9f619 x1ypdohk xt0psk2 xe8uvvx xdj266r x11i5rnm xat24cr x1mh8g0r xexx8yu x4uap5 x18d9i69 xkhd6sd x16tdsg8 x1hl2dhg xggy1nq x1a2a7pz xkrqix3 x1sur9pj x1fey0fg x1s688f\" role=\"link\" href=\"https:\/\/www.facebook.com\/hashtag\/vitamine?__eep__=6&amp;__cft__[0]=AZXuN17lzWWVLorPDY946PXXKakslPI9HL2waNhwIRcL7Pu_2GphiG_CvTp6Rgk4HYvx9Pi7whbDRE4jv0lE6Fpgqbx7q_tYrvyHOUeHJYE-lpsnRIG86sMgfQUokSJFcMLfKmXPqBs8Uliruxakld2FWovQ1QbZwvOniKxaHLp4XssZuzDj7ogIvg9AKkMtT0N7TCo5DKUiV-Srx01hwElO&amp;__tn__=*NK-R\">#VitaminE<\/a><\/span> <span class=\"html-span xdj266r x11i5rnm xat24cr x1mh8g0r xexx8yu x4uap5 x18d9i69 xkhd6sd x1hl2dhg x16tdsg8 x1vvkbs\"><a class=\"x1i10hfl xjbqb8w x1ejq31n xd10rxx x1sy0etr x17r0tee x972fbf xcfux6l x1qhh985 xm0m39n x9f619 x1ypdohk xt0psk2 xe8uvvx xdj266r x11i5rnm xat24cr x1mh8g0r xexx8yu x4uap5 x18d9i69 xkhd6sd x16tdsg8 x1hl2dhg xggy1nq x1a2a7pz xkrqix3 x1sur9pj x1fey0fg x1s688f\" role=\"link\" href=\"https:\/\/www.facebook.com\/hashtag\/coldpressed?__eep__=6&amp;__cft__[0]=AZXuN17lzWWVLorPDY946PXXKakslPI9HL2waNhwIRcL7Pu_2GphiG_CvTp6Rgk4HYvx9Pi7whbDRE4jv0lE6Fpgqbx7q_tYrvyHOUeHJYE-lpsnRIG86sMgfQUokSJFcMLfKmXPqBs8Uliruxakld2FWovQ1QbZwvOniKxaHLp4XssZuzDj7ogIvg9AKkMtT0N7TCo5DKUiV-Srx01hwElO&amp;__tn__=*NK-R\">#ColdPressed<\/a><\/span>*<\/div>\n<\/div>\n<div class=\"x11i5rnm xat24cr x1mh8g0r x1vvkbs xtlvy1s x126k92a\">\n<div dir=\"auto\">&#8212;<\/div>\n<\/div>\n<div class=\"x11i5rnm xat24cr x1mh8g0r x1vvkbs xtlvy1s x126k92a\">\n<div dir=\"auto\" style=\"text-align: right\">*\u0632\u064a\u062a \u0627\u0644\u0628\u0646\u062f\u0642 \u2013 \u0645\u063a\u0630\u064d \u0648\u0637\u0628\u064a\u0639\u064a*<\/div>\n<div dir=\"auto\" style=\"text-align: right\">&#8211; \u063a\u0646\u064a \u0628\u0641\u064a\u062a\u0627\u0645\u064a\u0646 E \u0644\u0635\u062d\u0629 \u0627\u0644\u0628\u0634\u0631\u0629<\/div>\n<div dir=\"auto\" style=\"text-align: right\">&#8211; \u064a\u062f\u0639\u0645 \u0648\u0638\u0627\u0626\u0641 \u0627\u0644\u0642\u0644\u0628 \u0648\u0627\u0644\u062f\u0645\u0627\u063a<\/div>\n<div dir=\"auto\" style=\"text-align: right\">&#8211; \u064a\u062d\u062a\u0648\u064a \u0639\u0644\u0649 \u062f\u0647\u0648\u0646 \u0635\u062d\u064a\u0629 \u063a\u064a\u0631 \u0645\u0634\u0628\u0639\u0629<\/div>\n<div dir=\"auto\" style=\"text-align: right\">&#8211; \u064a\u0639\u0632\u0632 \u0645\u0631\u0648\u0646\u0629 \u0627\u0644\u0628\u0634\u0631\u0629 \u0648\u062a\u0631\u0637\u064a\u0628\u0647\u0627<\/div>\n<div dir=\"auto\" style=\"text-align: right\">&#8211; \u064a\u064f\u0633\u062a\u062e\u062f\u0645 \u0641\u064a \u0627\u0644\u0637\u0647\u064a \u0623\u0648 \u0627\u0644\u0639\u0646\u0627\u064a\u0629 \u0628\u0627\u0644\u0628\u0634\u0631\u0629<\/div>\n<\/div>\n<div class=\"x11i5rnm xat24cr x1mh8g0r x1vvkbs xtlvy1s x126k92a\">\n<div dir=\"auto\" style=\"text-align: right\">*<span class=\"html-span xdj266r x11i5rnm xat24cr x1mh8g0r xexx8yu x4uap5 x18d9i69 xkhd6sd x1hl2dhg x16tdsg8 x1vvkbs\"><a class=\"x1i10hfl xjbqb8w x1ejq31n xd10rxx x1sy0etr x17r0tee x972fbf xcfux6l x1qhh985 xm0m39n x9f619 x1ypdohk xt0psk2 xe8uvvx xdj266r x11i5rnm xat24cr x1mh8g0r xexx8yu x4uap5 x18d9i69 xkhd6sd x16tdsg8 x1hl2dhg xggy1nq x1a2a7pz xkrqix3 x1sur9pj x1fey0fg x1s688f\" role=\"link\" href=\"https:\/\/www.facebook.com\/hashtag\/nclorganic?__eep__=6&amp;__cft__[0]=AZXuN17lzWWVLorPDY946PXXKakslPI9HL2waNhwIRcL7Pu_2GphiG_CvTp6Rgk4HYvx9Pi7whbDRE4jv0lE6Fpgqbx7q_tYrvyHOUeHJYE-lpsnRIG86sMgfQUokSJFcMLfKmXPqBs8Uliruxakld2FWovQ1QbZwvOniKxaHLp4XssZuzDj7ogIvg9AKkMtT0N7TCo5DKUiV-Srx01hwElO&amp;__tn__=*NK-R\">#NCLorganic<\/a><\/span> <span class=\"html-span xdj266r x11i5rnm xat24cr x1mh8g0r xexx8yu x4uap5 x18d9i69 xkhd6sd x1hl2dhg x16tdsg8 x1vvkbs\"><a class=\"x1i10hfl xjbqb8w x1ejq31n xd10rxx x1sy0etr x17r0tee x972fbf xcfux6l x1qhh985 xm0m39n x9f619 x1ypdohk xt0psk2 xe8uvvx xdj266r x11i5rnm xat24cr x1mh8g0r xexx8yu x4uap5 x18d9i69 xkhd6sd x16tdsg8 x1hl2dhg xggy1nq x1a2a7pz xkrqix3 x1sur9pj x1fey0fg x1s688f\" role=\"link\" href=\"https:\/\/www.facebook.com\/hashtag\/%D8%B2%D9%8A%D8%AA_%D8%A7%D9%84%D8%A8%D9%86%D8%AF%D9%82?__eep__=6&amp;__cft__[0]=AZXuN17lzWWVLorPDY946PXXKakslPI9HL2waNhwIRcL7Pu_2GphiG_CvTp6Rgk4HYvx9Pi7whbDRE4jv0lE6Fpgqbx7q_tYrvyHOUeHJYE-lpsnRIG86sMgfQUokSJFcMLfKmXPqBs8Uliruxakld2FWovQ1QbZwvOniKxaHLp4XssZuzDj7ogIvg9AKkMtT0N7TCo5DKUiV-Srx01hwElO&amp;__tn__=*NK-R\">#\u0632\u064a\u062a_\u0627\u0644\u0628\u0646\u062f\u0642<\/a><\/span> <span class=\"html-span xdj266r x11i5rnm xat24cr x1mh8g0r xexx8yu x4uap5 x18d9i69 xkhd6sd x1hl2dhg x16tdsg8 x1vvkbs\"><a class=\"x1i10hfl xjbqb8w x1ejq31n xd10rxx x1sy0etr x17r0tee x972fbf xcfux6l x1qhh985 xm0m39n x9f619 x1ypdohk xt0psk2 xe8uvvx xdj266r x11i5rnm xat24cr x1mh8g0r xexx8yu x4uap5 x18d9i69 xkhd6sd x16tdsg8 x1hl2dhg xggy1nq x1a2a7pz xkrqix3 x1sur9pj x1fey0fg x1s688f\" role=\"link\" href=\"https:\/\/www.facebook.com\/hashtag\/%D8%B2%D9%8A%D9%88%D8%AA_%D8%B7%D8%A8%D9%8A%D8%B9%D9%8A%D8%A9?__eep__=6&amp;__cft__[0]=AZXuN17lzWWVLorPDY946PXXKakslPI9HL2waNhwIRcL7Pu_2GphiG_CvTp6Rgk4HYvx9Pi7whbDRE4jv0lE6Fpgqbx7q_tYrvyHOUeHJYE-lpsnRIG86sMgfQUokSJFcMLfKmXPqBs8Uliruxakld2FWovQ1QbZwvOniKxaHLp4XssZuzDj7ogIvg9AKkMtT0N7TCo5DKUiV-Srx01hwElO&amp;__tn__=*NK-R\">#\u0632\u064a\u0648\u062a_\u0637\u0628\u064a\u0639\u064a\u0629<\/a><\/span> <span class=\"html-span xdj266r x11i5rnm xat24cr x1mh8g0r xexx8yu x4uap5 x18d9i69 xkhd6sd x1hl2dhg x16tdsg8 x1vvkbs\"><a class=\"x1i10hfl xjbqb8w x1ejq31n xd10rxx x1sy0etr x17r0tee x972fbf xcfux6l x1qhh985 xm0m39n x9f619 x1ypdohk xt0psk2 xe8uvvx xdj266r x11i5rnm xat24cr x1mh8g0r xexx8yu x4uap5 x18d9i69 xkhd6sd x16tdsg8 x1hl2dhg xggy1nq x1a2a7pz xkrqix3 x1sur9pj x1fey0fg x1s688f\" role=\"link\" href=\"https:\/\/www.facebook.com\/hashtag\/%D9%81%D9%8A%D8%AA%D8%A7%D9%85%D9%8A%D9%86_e?__eep__=6&amp;__cft__[0]=AZXuN17lzWWVLorPDY946PXXKakslPI9HL2waNhwIRcL7Pu_2GphiG_CvTp6Rgk4HYvx9Pi7whbDRE4jv0lE6Fpgqbx7q_tYrvyHOUeHJYE-lpsnRIG86sMgfQUokSJFcMLfKmXPqBs8Uliruxakld2FWovQ1QbZwvOniKxaHLp4XssZuzDj7ogIvg9AKkMtT0N7TCo5DKUiV-Srx01hwElO&amp;__tn__=*NK-R\">#\u0641\u064a\u062a\u0627\u0645\u064a\u0646_E<\/a><\/span> <span class=\"html-span xdj266r x11i5rnm xat24cr x1mh8g0r xexx8yu x4uap5 x18d9i69 xkhd6sd x1hl2dhg x16tdsg8 x1vvkbs\"><a class=\"x1i10hfl xjbqb8w x1ejq31n xd10rxx x1sy0etr x17r0tee x972fbf xcfux6l x1qhh985 xm0m39n x9f619 x1ypdohk xt0psk2 xe8uvvx xdj266r x11i5rnm xat24cr x1mh8g0r xexx8yu x4uap5 x18d9i69 xkhd6sd x16tdsg8 x1hl2dhg xggy1nq x1a2a7pz xkrqix3 x1sur9pj x1fey0fg x1s688f\" role=\"link\" href=\"https:\/\/www.facebook.com\/hashtag\/%D8%B5%D8%AD%D8%A9_%D8%A7%D9%84%D8%A8%D8%B4%D8%B1%D8%A9?__eep__=6&amp;__cft__[0]=AZXuN17lzWWVLorPDY946PXXKakslPI9HL2waNhwIRcL7Pu_2GphiG_CvTp6Rgk4HYvx9Pi7whbDRE4jv0lE6Fpgqbx7q_tYrvyHOUeHJYE-lpsnRIG86sMgfQUokSJFcMLfKmXPqBs8Uliruxakld2FWovQ1QbZwvOniKxaHLp4XssZuzDj7ogIvg9AKkMtT0N7TCo5DKUiV-Srx01hwElO&amp;__tn__=*NK-R\">#\u0635\u062d\u0629_\u0627\u0644\u0628\u0634\u0631\u0629<\/a><\/span> <span class=\"html-span xdj266r x11i5rnm xat24cr x1mh8g0r xexx8yu x4uap5 x18d9i69 xkhd6sd x1hl2dhg x16tdsg8 x1vvkbs\"><a class=\"x1i10hfl xjbqb8w x1ejq31n xd10rxx x1sy0etr x17r0tee x972fbf xcfux6l x1qhh985 xm0m39n x9f619 x1ypdohk xt0psk2 xe8uvvx xdj266r x11i5rnm xat24cr x1mh8g0r xexx8yu x4uap5 x18d9i69 xkhd6sd x16tdsg8 x1hl2dhg xggy1nq x1a2a7pz xkrqix3 x1sur9pj x1fey0fg x1s688f\" role=\"link\" href=\"https:\/\/www.facebook.com\/hashtag\/%D8%AF%D9%87%D9%88%D9%86_%D8%B5%D8%AD%D9%8A%D8%A9?__eep__=6&amp;__cft__[0]=AZXuN17lzWWVLorPDY946PXXKakslPI9HL2waNhwIRcL7Pu_2GphiG_CvTp6Rgk4HYvx9Pi7whbDRE4jv0lE6Fpgqbx7q_tYrvyHOUeHJYE-lpsnRIG86sMgfQUokSJFcMLfKmXPqBs8Uliruxakld2FWovQ1QbZwvOniKxaHLp4XssZuzDj7ogIvg9AKkMtT0N7TCo5DKUiV-Srx01hwElO&amp;__tn__=*NK-R\">#\u062f\u0647\u0648\u0646_\u0635\u062d\u064a\u0629<\/a><\/span> <span class=\"html-span xdj266r x11i5rnm xat24cr x1mh8g0r xexx8yu x4uap5 x18d9i69 xkhd6sd x1hl2dhg x16tdsg8 x1vvkbs\"><a class=\"x1i10hfl xjbqb8w x1ejq31n xd10rxx x1sy0etr x17r0tee x972fbf xcfux6l x1qhh985 xm0m39n x9f619 x1ypdohk xt0psk2 xe8uvvx xdj266r x11i5rnm xat24cr x1mh8g0r xexx8yu x4uap5 x18d9i69 xkhd6sd x16tdsg8 x1hl2dhg xggy1nq x1a2a7pz xkrqix3 x1sur9pj x1fey0fg x1s688f\" role=\"link\" href=\"https:\/\/www.facebook.com\/hashtag\/%D8%A7%D9%84%D8%B9%D9%86%D8%A7%D9%8A%D8%A9_%D8%A8%D8%A7%D9%84%D8%AC%D8%B3%D9%85?__eep__=6&amp;__cft__[0]=AZXuN17lzWWVLorPDY946PXXKakslPI9HL2waNhwIRcL7Pu_2GphiG_CvTp6Rgk4HYvx9Pi7whbDRE4jv0lE6Fpgqbx7q_tYrvyHOUeHJYE-lpsnRIG86sMgfQUokSJFcMLfKmXPqBs8Uliruxakld2FWovQ1QbZwvOniKxaHLp4XssZuzDj7ogIvg9AKkMtT0N7TCo5DKUiV-Srx01hwElO&amp;__tn__=*NK-R\">#\u0627\u0644\u0639\u0646\u0627\u064a\u0629_\u0628\u0627\u0644\u062c\u0633\u0645<\/a><\/span>*<\/div>\n<\/div>","protected":false},"excerpt":{"rendered":"<p>NCL ORGANIC F\u0131nd\u0131k Ya\u011f\u0131 50ml &#8211; Hazelnut Oil &#8211; \u0632\u064a\u062a \u0627\u0644\u0628\u0646\u062f\u0642<\/p>","protected":false},"featured_media":10612,"comment_status":"open","ping_status":"closed","template":"","meta":{"_joinchat":[]},"product_cat":[100],"product_tag":[],"class_list":{"0":"post-10611","1":"product","2":"type-product","3":"status-publish","4":"has-post-thumbnail","6":"product_cat-dogal-yagi-natural-oil","8":"first","9":"instock","10":"sale","11":"shipping-taxable","12":"purchasable","13":"product-type-simple"},"jetpack_sharing_enabled":true,"_links":{"self":[{"href":"https:\/\/www.nclorganic.com\/en\/wp-json\/wp\/v2\/product\/10611","targetHints":{"allow":["GET"]}}],"collection":[{"href":"https:\/\/www.nclorganic.com\/en\/wp-json\/wp\/v2\/product"}],"about":[{"href":"https:\/\/www.nclorganic.com\/en\/wp-json\/wp\/v2\/types\/product"}],"replies":[{"embeddable":true,"href":"https:\/\/www.nclorganic.com\/en\/wp-json\/wp\/v2\/comments?post=10611"}],"wp:featuredmedia":[{"embeddable":true,"href":"https:\/\/www.nclorganic.com\/en\/wp-json\/wp\/v2\/media\/10612"}],"wp:attachment":[{"href":"https:\/\/www.nclorganic.com\/en\/wp-json\/wp\/v2\/media?parent=10611"}],"wp:term":[{"taxonomy":"product_cat","embeddable":true,"href":"https:\/\/www.nclorganic.com\/en\/wp-json\/wp\/v2\/product_cat?post=10611"},{"taxonomy":"product_tag","embeddable":true,"href":"https:\/\/www.nclorganic.com\/en\/wp-json\/wp\/v2\/product_tag?post=10611"}],"curies":[{"name":"wp","href":"https:\/\/api.w.org\/{rel}","templated":true}]}}