{"id":10574,"date":"2025-05-22T12:17:43","date_gmt":"2025-05-22T15:17:43","guid":{"rendered":"https:\/\/www.nclorganic.com\/?post_type=product&#038;p=10574"},"modified":"2025-06-28T09:40:04","modified_gmt":"2025-06-28T12:40:04","slug":"kakao-yag-200ml-cocoa-butter-%d8%b2%d8%a8%d8%af%d8%a9-%d8%a7%d9%84%d9%83%d8%a7%d9%83%d8%a7%d9%88","status":"publish","type":"product","link":"https:\/\/www.nclorganic.com\/en\/product\/kakao-yag-200ml-cocoa-butter-%d8%b2%d8%a8%d8%af%d8%a9-%d8%a7%d9%84%d9%83%d8%a7%d9%83%d8%a7%d9%88\/","title":{"rendered":"NCL ORGANIC 100% Kakao Ya\u011f\u0131 200ml &#8211; Cocoa Butter &#8211; \u0632\u0628\u062f\u0629 \u0627\u0644\u0643\u0627\u0643\u0627\u0648"},"content":{"rendered":"<div class=\"xdj266r x11i5rnm xat24cr x1mh8g0r x1vvkbs x126k92a\">\n<div dir=\"auto\">NCL ORGANIC *All Natural*<\/div>\n<div dir=\"auto\"><span class=\"html-span xdj266r x11i5rnm xat24cr x1mh8g0r xexx8yu x4uap5 x18d9i69 xkhd6sd x1hl2dhg x16tdsg8 x1vvkbs\"><a class=\"x1i10hfl xjbqb8w x1ejq31n xd10rxx x1sy0etr x17r0tee x972fbf xcfux6l x1qhh985 xm0m39n x9f619 x1ypdohk xt0psk2 xe8uvvx xdj266r x11i5rnm xat24cr x1mh8g0r xexx8yu x4uap5 x18d9i69 xkhd6sd x16tdsg8 x1hl2dhg xggy1nq x1a2a7pz xkrqix3 x1sur9pj x1fey0fg x1s688f\" role=\"link\" href=\"http:\/\/www.nclorganic.com\/en\/?fbclid=IwZXh0bgNhZW0CMTAAYnJpZBExVnNDTGN5M3ZiMGNOWEhFWgEeQRsIAYZjDxq1vrXs_bpKO1swEM10J8ELWKyRUWorxY9bUc4bxqHMRM3UF3E_aem_mHh_mJLa823HeXP9XuP82Q\" target=\"_blank\" rel=\"nofollow noopener noreferrer\">www.NCLorganic.com<\/a><\/span><\/div>\n<\/div>\n<div class=\"x11i5rnm xat24cr x1mh8g0r x1vvkbs xtlvy1s x126k92a\">\n<div dir=\"auto\"><\/div>\n<div dir=\"auto\">Kakao Ya\u011f\u0131 \u2013 NCL ORGANIC ile Do\u011fal Bak\u0131m* &#8211; Kuru cildi ve dudaklar\u0131 derinlemesine nemlendirir &#8211; Antioksidan (E vitamini ve bitkisel bile\u015fikler) a\u00e7\u0131s\u0131ndan zengin &#8211; Cilt esnekli\u011fini art\u0131r\u0131r &#8211; Egzama ve g\u00fcne\u015f hasar\u0131na iyi gelir &#8211; \u00c7atlak g\u00f6r\u00fcn\u00fcm\u00fcn\u00fc azalt\u0131r &#8211; Hassas ciltler i\u00e7in uygundur &#8211; Yemeklerde kullan\u0131labilir *<span class=\"html-span xdj266r x11i5rnm xat24cr x1mh8g0r xexx8yu x4uap5 x18d9i69 xkhd6sd x1hl2dhg x16tdsg8 x1vvkbs\"><a class=\"x1i10hfl xjbqb8w x1ejq31n xd10rxx x1sy0etr x17r0tee x972fbf xcfux6l x1qhh985 xm0m39n x9f619 x1ypdohk xt0psk2 xe8uvvx xdj266r x11i5rnm xat24cr x1mh8g0r xexx8yu x4uap5 x18d9i69 xkhd6sd x16tdsg8 x1hl2dhg xggy1nq x1a2a7pz xkrqix3 x1sur9pj x1fey0fg x1s688f\" role=\"link\" href=\"https:\/\/www.facebook.com\/hashtag\/nclorganic?__eep__=6&amp;__cft__[0]=AZUbDJ3qSh01b3f-A9qD-zlLfOH-bPr_rZY1yco7H3HFl1qJ9jLQTjfTiZzY672tgGgpRkXhdgd5RHPUvuqtpOQp6DruLz75imCne4H7rq1ty9JJuq8fm975DvCflM-WZwQA6X9fGrkVSH7-eo_Zkz5mg2SUVJfIo8Fw2s5eay4VIm-FhgIM4nub1N9fkCvmyvnsxBcT0gJG6PnruBZ7v0Rb&amp;__tn__=*NK-R\">#NCLorganic<\/a><\/span> <span class=\"html-span xdj266r x11i5rnm xat24cr x1mh8g0r xexx8yu x4uap5 x18d9i69 xkhd6sd x1hl2dhg x16tdsg8 x1vvkbs\"><a class=\"x1i10hfl xjbqb8w x1ejq31n xd10rxx x1sy0etr x17r0tee x972fbf xcfux6l x1qhh985 xm0m39n x9f619 x1ypdohk xt0psk2 xe8uvvx xdj266r x11i5rnm xat24cr x1mh8g0r xexx8yu x4uap5 x18d9i69 xkhd6sd x16tdsg8 x1hl2dhg xggy1nq x1a2a7pz xkrqix3 x1sur9pj x1fey0fg x1s688f\" role=\"link\" href=\"https:\/\/www.facebook.com\/hashtag\/kakaoya%C4%9F%C4%B1?__eep__=6&amp;__cft__[0]=AZUbDJ3qSh01b3f-A9qD-zlLfOH-bPr_rZY1yco7H3HFl1qJ9jLQTjfTiZzY672tgGgpRkXhdgd5RHPUvuqtpOQp6DruLz75imCne4H7rq1ty9JJuq8fm975DvCflM-WZwQA6X9fGrkVSH7-eo_Zkz5mg2SUVJfIo8Fw2s5eay4VIm-FhgIM4nub1N9fkCvmyvnsxBcT0gJG6PnruBZ7v0Rb&amp;__tn__=*NK-R\">#KakaoYa\u011f\u0131<\/a><\/span> <span class=\"html-span xdj266r x11i5rnm xat24cr x1mh8g0r xexx8yu x4uap5 x18d9i69 xkhd6sd x1hl2dhg x16tdsg8 x1vvkbs\"><a class=\"x1i10hfl xjbqb8w x1ejq31n xd10rxx x1sy0etr x17r0tee x972fbf xcfux6l x1qhh985 xm0m39n x9f619 x1ypdohk xt0psk2 xe8uvvx xdj266r x11i5rnm xat24cr x1mh8g0r xexx8yu x4uap5 x18d9i69 xkhd6sd x16tdsg8 x1hl2dhg xggy1nq x1a2a7pz xkrqix3 x1sur9pj x1fey0fg x1s688f\" role=\"link\" href=\"https:\/\/www.facebook.com\/hashtag\/do%C4%9Falciltbak%C4%B1m%C4%B1?__eep__=6&amp;__cft__[0]=AZUbDJ3qSh01b3f-A9qD-zlLfOH-bPr_rZY1yco7H3HFl1qJ9jLQTjfTiZzY672tgGgpRkXhdgd5RHPUvuqtpOQp6DruLz75imCne4H7rq1ty9JJuq8fm975DvCflM-WZwQA6X9fGrkVSH7-eo_Zkz5mg2SUVJfIo8Fw2s5eay4VIm-FhgIM4nub1N9fkCvmyvnsxBcT0gJG6PnruBZ7v0Rb&amp;__tn__=*NK-R\">#Do\u011falCiltBak\u0131m\u0131<\/a><\/span> <span class=\"html-span xdj266r x11i5rnm xat24cr x1mh8g0r xexx8yu x4uap5 x18d9i69 xkhd6sd x1hl2dhg x16tdsg8 x1vvkbs\"><a class=\"x1i10hfl xjbqb8w x1ejq31n xd10rxx x1sy0etr x17r0tee x972fbf xcfux6l x1qhh985 xm0m39n x9f619 x1ypdohk xt0psk2 xe8uvvx xdj266r x11i5rnm xat24cr x1mh8g0r xexx8yu x4uap5 x18d9i69 xkhd6sd x16tdsg8 x1hl2dhg xggy1nq x1a2a7pz xkrqix3 x1sur9pj x1fey0fg x1s688f\" role=\"link\" href=\"https:\/\/www.facebook.com\/hashtag\/organik%C3%BCr%C3%BCnler?__eep__=6&amp;__cft__[0]=AZUbDJ3qSh01b3f-A9qD-zlLfOH-bPr_rZY1yco7H3HFl1qJ9jLQTjfTiZzY672tgGgpRkXhdgd5RHPUvuqtpOQp6DruLz75imCne4H7rq1ty9JJuq8fm975DvCflM-WZwQA6X9fGrkVSH7-eo_Zkz5mg2SUVJfIo8Fw2s5eay4VIm-FhgIM4nub1N9fkCvmyvnsxBcT0gJG6PnruBZ7v0Rb&amp;__tn__=*NK-R\">#Organik\u00dcr\u00fcnler<\/a><\/span> <span class=\"html-span xdj266r x11i5rnm xat24cr x1mh8g0r xexx8yu x4uap5 x18d9i69 xkhd6sd x1hl2dhg x16tdsg8 x1vvkbs\"><a class=\"x1i10hfl xjbqb8w x1ejq31n xd10rxx x1sy0etr x17r0tee x972fbf xcfux6l x1qhh985 xm0m39n x9f619 x1ypdohk xt0psk2 xe8uvvx xdj266r x11i5rnm xat24cr x1mh8g0r xexx8yu x4uap5 x18d9i69 xkhd6sd x16tdsg8 x1hl2dhg xggy1nq x1a2a7pz xkrqix3 x1sur9pj x1fey0fg x1s688f\" role=\"link\" href=\"https:\/\/www.facebook.com\/hashtag\/ciltsa%C4%9Fl%C4%B1%C4%9F%C4%B1?__eep__=6&amp;__cft__[0]=AZUbDJ3qSh01b3f-A9qD-zlLfOH-bPr_rZY1yco7H3HFl1qJ9jLQTjfTiZzY672tgGgpRkXhdgd5RHPUvuqtpOQp6DruLz75imCne4H7rq1ty9JJuq8fm975DvCflM-WZwQA6X9fGrkVSH7-eo_Zkz5mg2SUVJfIo8Fw2s5eay4VIm-FhgIM4nub1N9fkCvmyvnsxBcT0gJG6PnruBZ7v0Rb&amp;__tn__=*NK-R\">#CiltSa\u011fl\u0131\u011f\u0131<\/a><\/span> <span class=\"html-span xdj266r x11i5rnm xat24cr x1mh8g0r xexx8yu x4uap5 x18d9i69 xkhd6sd x1hl2dhg x16tdsg8 x1vvkbs\"><a class=\"x1i10hfl xjbqb8w x1ejq31n xd10rxx x1sy0etr x17r0tee x972fbf xcfux6l x1qhh985 xm0m39n x9f619 x1ypdohk xt0psk2 xe8uvvx xdj266r x11i5rnm xat24cr x1mh8g0r xexx8yu x4uap5 x18d9i69 xkhd6sd x16tdsg8 x1hl2dhg xggy1nq x1a2a7pz xkrqix3 x1sur9pj x1fey0fg x1s688f\" role=\"link\" href=\"https:\/\/www.facebook.com\/hashtag\/do%C4%9Falbak%C4%B1m?__eep__=6&amp;__cft__[0]=AZUbDJ3qSh01b3f-A9qD-zlLfOH-bPr_rZY1yco7H3HFl1qJ9jLQTjfTiZzY672tgGgpRkXhdgd5RHPUvuqtpOQp6DruLz75imCne4H7rq1ty9JJuq8fm975DvCflM-WZwQA6X9fGrkVSH7-eo_Zkz5mg2SUVJfIo8Fw2s5eay4VIm-FhgIM4nub1N9fkCvmyvnsxBcT0gJG6PnruBZ7v0Rb&amp;__tn__=*NK-R\">#Do\u011falBak\u0131m<\/a><\/span><\/div>\n<\/div>\n<div class=\"x11i5rnm xat24cr x1mh8g0r x1vvkbs xtlvy1s x126k92a\">\n<div dir=\"auto\"><\/div>\n<div dir=\"auto\">*<\/div>\n<div dir=\"auto\">Cocoa Butter \u2013 Nature\u2019s Skin Superfood* &#8211; Deeply moisturizes dry skin and lips &#8211; Rich in antioxidants (Vitamin E &amp; phytochemicals) &#8211; Improves skin elasticity and softness &#8211; Soothes eczema, dermatitis, and sun damage &#8211; Helps reduce stretch marks &#8211; Safe for sensitive skin &#8211; Can be used in cooking and baking *<span class=\"html-span xdj266r x11i5rnm xat24cr x1mh8g0r xexx8yu x4uap5 x18d9i69 xkhd6sd x1hl2dhg x16tdsg8 x1vvkbs\"><a class=\"x1i10hfl xjbqb8w x1ejq31n xd10rxx x1sy0etr x17r0tee x972fbf xcfux6l x1qhh985 xm0m39n x9f619 x1ypdohk xt0psk2 xe8uvvx xdj266r x11i5rnm xat24cr x1mh8g0r xexx8yu x4uap5 x18d9i69 xkhd6sd x16tdsg8 x1hl2dhg xggy1nq x1a2a7pz xkrqix3 x1sur9pj x1fey0fg x1s688f\" role=\"link\" href=\"https:\/\/www.facebook.com\/hashtag\/nclorganic?__eep__=6&amp;__cft__[0]=AZUbDJ3qSh01b3f-A9qD-zlLfOH-bPr_rZY1yco7H3HFl1qJ9jLQTjfTiZzY672tgGgpRkXhdgd5RHPUvuqtpOQp6DruLz75imCne4H7rq1ty9JJuq8fm975DvCflM-WZwQA6X9fGrkVSH7-eo_Zkz5mg2SUVJfIo8Fw2s5eay4VIm-FhgIM4nub1N9fkCvmyvnsxBcT0gJG6PnruBZ7v0Rb&amp;__tn__=*NK-R\">#NCLorganic<\/a><\/span> <span class=\"html-span xdj266r x11i5rnm xat24cr x1mh8g0r xexx8yu x4uap5 x18d9i69 xkhd6sd x1hl2dhg x16tdsg8 x1vvkbs\"><a class=\"x1i10hfl xjbqb8w x1ejq31n xd10rxx x1sy0etr x17r0tee x972fbf xcfux6l x1qhh985 xm0m39n x9f619 x1ypdohk xt0psk2 xe8uvvx xdj266r x11i5rnm xat24cr x1mh8g0r xexx8yu x4uap5 x18d9i69 xkhd6sd x16tdsg8 x1hl2dhg xggy1nq x1a2a7pz xkrqix3 x1sur9pj x1fey0fg x1s688f\" role=\"link\" href=\"https:\/\/www.facebook.com\/hashtag\/cocoabutter?__eep__=6&amp;__cft__[0]=AZUbDJ3qSh01b3f-A9qD-zlLfOH-bPr_rZY1yco7H3HFl1qJ9jLQTjfTiZzY672tgGgpRkXhdgd5RHPUvuqtpOQp6DruLz75imCne4H7rq1ty9JJuq8fm975DvCflM-WZwQA6X9fGrkVSH7-eo_Zkz5mg2SUVJfIo8Fw2s5eay4VIm-FhgIM4nub1N9fkCvmyvnsxBcT0gJG6PnruBZ7v0Rb&amp;__tn__=*NK-R\">#CocoaButter<\/a><\/span> <span class=\"html-span xdj266r x11i5rnm xat24cr x1mh8g0r xexx8yu x4uap5 x18d9i69 xkhd6sd x1hl2dhg x16tdsg8 x1vvkbs\"><a class=\"x1i10hfl xjbqb8w x1ejq31n xd10rxx x1sy0etr x17r0tee x972fbf xcfux6l x1qhh985 xm0m39n x9f619 x1ypdohk xt0psk2 xe8uvvx xdj266r x11i5rnm xat24cr x1mh8g0r xexx8yu x4uap5 x18d9i69 xkhd6sd x16tdsg8 x1hl2dhg xggy1nq x1a2a7pz xkrqix3 x1sur9pj x1fey0fg x1s688f\" role=\"link\" href=\"https:\/\/www.facebook.com\/hashtag\/naturalskincare?__eep__=6&amp;__cft__[0]=AZUbDJ3qSh01b3f-A9qD-zlLfOH-bPr_rZY1yco7H3HFl1qJ9jLQTjfTiZzY672tgGgpRkXhdgd5RHPUvuqtpOQp6DruLz75imCne4H7rq1ty9JJuq8fm975DvCflM-WZwQA6X9fGrkVSH7-eo_Zkz5mg2SUVJfIo8Fw2s5eay4VIm-FhgIM4nub1N9fkCvmyvnsxBcT0gJG6PnruBZ7v0Rb&amp;__tn__=*NK-R\">#NaturalSkincare<\/a><\/span> <span class=\"html-span xdj266r x11i5rnm xat24cr x1mh8g0r xexx8yu x4uap5 x18d9i69 xkhd6sd x1hl2dhg x16tdsg8 x1vvkbs\"><a class=\"x1i10hfl xjbqb8w x1ejq31n xd10rxx x1sy0etr x17r0tee x972fbf xcfux6l x1qhh985 xm0m39n x9f619 x1ypdohk xt0psk2 xe8uvvx xdj266r x11i5rnm xat24cr x1mh8g0r xexx8yu x4uap5 x18d9i69 xkhd6sd x16tdsg8 x1hl2dhg xggy1nq x1a2a7pz xkrqix3 x1sur9pj x1fey0fg x1s688f\" role=\"link\" href=\"https:\/\/www.facebook.com\/hashtag\/organicbeauty?__eep__=6&amp;__cft__[0]=AZUbDJ3qSh01b3f-A9qD-zlLfOH-bPr_rZY1yco7H3HFl1qJ9jLQTjfTiZzY672tgGgpRkXhdgd5RHPUvuqtpOQp6DruLz75imCne4H7rq1ty9JJuq8fm975DvCflM-WZwQA6X9fGrkVSH7-eo_Zkz5mg2SUVJfIo8Fw2s5eay4VIm-FhgIM4nub1N9fkCvmyvnsxBcT0gJG6PnruBZ7v0Rb&amp;__tn__=*NK-R\">#OrganicBeauty<\/a><\/span> <span class=\"html-span xdj266r x11i5rnm xat24cr x1mh8g0r xexx8yu x4uap5 x18d9i69 xkhd6sd x1hl2dhg x16tdsg8 x1vvkbs\"><a class=\"x1i10hfl xjbqb8w x1ejq31n xd10rxx x1sy0etr x17r0tee x972fbf xcfux6l x1qhh985 xm0m39n x9f619 x1ypdohk xt0psk2 xe8uvvx xdj266r x11i5rnm xat24cr x1mh8g0r xexx8yu x4uap5 x18d9i69 xkhd6sd x16tdsg8 x1hl2dhg xggy1nq x1a2a7pz xkrqix3 x1sur9pj x1fey0fg x1s688f\" role=\"link\" href=\"https:\/\/www.facebook.com\/hashtag\/healthyskin?__eep__=6&amp;__cft__[0]=AZUbDJ3qSh01b3f-A9qD-zlLfOH-bPr_rZY1yco7H3HFl1qJ9jLQTjfTiZzY672tgGgpRkXhdgd5RHPUvuqtpOQp6DruLz75imCne4H7rq1ty9JJuq8fm975DvCflM-WZwQA6X9fGrkVSH7-eo_Zkz5mg2SUVJfIo8Fw2s5eay4VIm-FhgIM4nub1N9fkCvmyvnsxBcT0gJG6PnruBZ7v0Rb&amp;__tn__=*NK-R\">#HealthySkin<\/a><\/span> <span class=\"html-span xdj266r x11i5rnm xat24cr x1mh8g0r xexx8yu x4uap5 x18d9i69 xkhd6sd x1hl2dhg x16tdsg8 x1vvkbs\"><a class=\"x1i10hfl xjbqb8w x1ejq31n xd10rxx x1sy0etr x17r0tee x972fbf xcfux6l x1qhh985 xm0m39n x9f619 x1ypdohk xt0psk2 xe8uvvx xdj266r x11i5rnm xat24cr x1mh8g0r xexx8yu x4uap5 x18d9i69 xkhd6sd x16tdsg8 x1hl2dhg xggy1nq x1a2a7pz xkrqix3 x1sur9pj x1fey0fg x1s688f\" role=\"link\" href=\"https:\/\/www.facebook.com\/hashtag\/skinfood?__eep__=6&amp;__cft__[0]=AZUbDJ3qSh01b3f-A9qD-zlLfOH-bPr_rZY1yco7H3HFl1qJ9jLQTjfTiZzY672tgGgpRkXhdgd5RHPUvuqtpOQp6DruLz75imCne4H7rq1ty9JJuq8fm975DvCflM-WZwQA6X9fGrkVSH7-eo_Zkz5mg2SUVJfIo8Fw2s5eay4VIm-FhgIM4nub1N9fkCvmyvnsxBcT0gJG6PnruBZ7v0Rb&amp;__tn__=*NK-R\">#Skinfood<\/a><\/span> <span class=\"html-span xdj266r x11i5rnm xat24cr x1mh8g0r xexx8yu x4uap5 x18d9i69 xkhd6sd x1hl2dhg x16tdsg8 x1vvkbs\"><a class=\"x1i10hfl xjbqb8w x1ejq31n xd10rxx x1sy0etr x17r0tee x972fbf xcfux6l x1qhh985 xm0m39n x9f619 x1ypdohk xt0psk2 xe8uvvx xdj266r x11i5rnm xat24cr x1mh8g0r xexx8yu x4uap5 x18d9i69 xkhd6sd x16tdsg8 x1hl2dhg xggy1nq x1a2a7pz xkrqix3 x1sur9pj x1fey0fg x1s688f\" role=\"link\" href=\"https:\/\/www.facebook.com\/hashtag\/veganbeauty?__eep__=6&amp;__cft__[0]=AZUbDJ3qSh01b3f-A9qD-zlLfOH-bPr_rZY1yco7H3HFl1qJ9jLQTjfTiZzY672tgGgpRkXhdgd5RHPUvuqtpOQp6DruLz75imCne4H7rq1ty9JJuq8fm975DvCflM-WZwQA6X9fGrkVSH7-eo_Zkz5mg2SUVJfIo8Fw2s5eay4VIm-FhgIM4nub1N9fkCvmyvnsxBcT0gJG6PnruBZ7v0Rb&amp;__tn__=*NK-R\">#VeganBeauty<\/a><\/span><\/div>\n<\/div>\n<div class=\"x11i5rnm xat24cr x1mh8g0r x1vvkbs xtlvy1s x126k92a\">\n<div dir=\"auto\"><\/div>\n<div dir=\"auto\">*<\/div>\n<div dir=\"auto\" style=\"text-align: right\">\u200e\u0632\u0628\u062f\u0629 \u0627\u0644\u0643\u0627\u0643\u0627\u0648 \u2013 \u0644\u0644\u0639\u0646\u0627\u064a\u0629 \u0627\u0644\u0637\u0628\u064a\u0639\u064a\u0629 &#8211; \u062a\u0631\u0637\u0628 \u0627\u0644\u0628\u0634\u0631\u0629 \u0648\u0627\u0644\u0634\u0641\u0627\u0647 \u0628\u0639\u0645\u0642 &#8211; \u063a\u0646\u064a\u0629 \u0628\u0645\u0636\u0627\u062f\u0627\u062a \u0627\u0644\u0623\u0643\u0633\u062f\u0629 \u0648<\/div>\n<div dir=\"auto\" style=\"text-align: right\">\u0641\u064a\u062a\u0627\u0645\u064a\u0646 E- \u062a\u0639\u0632\u0632 \u0645\u0631\u0648\u0646\u0629 \u0648\u0646\u0639\u0648\u0645\u0629 \u0627\u0644\u0628\u0634\u0631\u0629 &#8211; \u062a\u0647\u062f\u0626 \u0627\u0644\u0627\u0644\u062a\u0647\u0627\u0628\u0627\u062a \u0648\u062d\u0631\u0648\u0642 \u0627\u0644\u0634\u0645\u0633 &#8211; \u062a\u0642\u0644\u0644 \u0645\u0646 \u0639\u0644\u0627\u0645\u0627\u062a \u0627\u0644\u062a\u0645\u062f\u062f &#8211; \u0622\u0645\u0646\u0629 \u0644\u0644\u0628\u0634\u0631\u0629 \u0627\u0644\u062d\u0633\u0627\u0633\u0629 &#8211; \u062a\u064f\u0633\u062a\u062e\u062f\u0645 \u0623\u064a\u0636\u0627\u064b \u0641\u064a \u0627\u0644\u0637\u0647\u064a \u0648\u0627\u0644\u062d\u0644\u0648\u064a\u0627\u062a *<span class=\"html-span xdj266r x11i5rnm xat24cr x1mh8g0r xexx8yu x4uap5 x18d9i69 xkhd6sd x1hl2dhg x16tdsg8 x1vvkbs\"><a class=\"x1i10hfl xjbqb8w x1ejq31n xd10rxx x1sy0etr x17r0tee x972fbf xcfux6l x1qhh985 xm0m39n x9f619 x1ypdohk xt0psk2 xe8uvvx xdj266r x11i5rnm xat24cr x1mh8g0r xexx8yu x4uap5 x18d9i69 xkhd6sd x16tdsg8 x1hl2dhg xggy1nq x1a2a7pz xkrqix3 x1sur9pj x1fey0fg x1s688f\" role=\"link\" href=\"https:\/\/www.facebook.com\/hashtag\/nclorganic?__eep__=6&amp;__cft__[0]=AZUbDJ3qSh01b3f-A9qD-zlLfOH-bPr_rZY1yco7H3HFl1qJ9jLQTjfTiZzY672tgGgpRkXhdgd5RHPUvuqtpOQp6DruLz75imCne4H7rq1ty9JJuq8fm975DvCflM-WZwQA6X9fGrkVSH7-eo_Zkz5mg2SUVJfIo8Fw2s5eay4VIm-FhgIM4nub1N9fkCvmyvnsxBcT0gJG6PnruBZ7v0Rb&amp;__tn__=*NK-R\">#NCLorganic<\/a><\/span> <span class=\"html-span xdj266r x11i5rnm xat24cr x1mh8g0r xexx8yu x4uap5 x18d9i69 xkhd6sd x1hl2dhg x16tdsg8 x1vvkbs\"><a class=\"x1i10hfl xjbqb8w x1ejq31n xd10rxx x1sy0etr x17r0tee x972fbf xcfux6l x1qhh985 xm0m39n x9f619 x1ypdohk xt0psk2 xe8uvvx xdj266r x11i5rnm xat24cr x1mh8g0r xexx8yu x4uap5 x18d9i69 xkhd6sd x16tdsg8 x1hl2dhg xggy1nq x1a2a7pz xkrqix3 x1sur9pj x1fey0fg x1s688f\" role=\"link\" href=\"https:\/\/www.facebook.com\/hashtag\/%D8%B2%D8%A8%D8%AF%D8%A9_%D8%A7%D9%84%D9%83%D8%A7%D9%83%D8%A7%D9%88?__eep__=6&amp;__cft__[0]=AZUbDJ3qSh01b3f-A9qD-zlLfOH-bPr_rZY1yco7H3HFl1qJ9jLQTjfTiZzY672tgGgpRkXhdgd5RHPUvuqtpOQp6DruLz75imCne4H7rq1ty9JJuq8fm975DvCflM-WZwQA6X9fGrkVSH7-eo_Zkz5mg2SUVJfIo8Fw2s5eay4VIm-FhgIM4nub1N9fkCvmyvnsxBcT0gJG6PnruBZ7v0Rb&amp;__tn__=*NK-R\">#\u0632\u0628\u062f\u0629_\u0627\u0644\u0643\u0627\u0643\u0627\u0648<\/a><\/span> <span class=\"html-span xdj266r x11i5rnm xat24cr x1mh8g0r xexx8yu x4uap5 x18d9i69 xkhd6sd x1hl2dhg x16tdsg8 x1vvkbs\"><a class=\"x1i10hfl xjbqb8w x1ejq31n xd10rxx x1sy0etr x17r0tee x972fbf xcfux6l x1qhh985 xm0m39n x9f619 x1ypdohk xt0psk2 xe8uvvx xdj266r x11i5rnm xat24cr x1mh8g0r xexx8yu x4uap5 x18d9i69 xkhd6sd x16tdsg8 x1hl2dhg xggy1nq x1a2a7pz xkrqix3 x1sur9pj x1fey0fg x1s688f\" role=\"link\" href=\"https:\/\/www.facebook.com\/hashtag\/%D8%A7%D9%84%D8%B9%D9%86%D8%A7%D9%8A%D8%A9_%D8%A7%D9%84%D8%B7%D8%A8%D9%8A%D8%B9%D9%8A%D8%A9?__eep__=6&amp;__cft__[0]=AZUbDJ3qSh01b3f-A9qD-zlLfOH-bPr_rZY1yco7H3HFl1qJ9jLQTjfTiZzY672tgGgpRkXhdgd5RHPUvuqtpOQp6DruLz75imCne4H7rq1ty9JJuq8fm975DvCflM-WZwQA6X9fGrkVSH7-eo_Zkz5mg2SUVJfIo8Fw2s5eay4VIm-FhgIM4nub1N9fkCvmyvnsxBcT0gJG6PnruBZ7v0Rb&amp;__tn__=*NK-R\">#\u0627\u0644\u0639\u0646\u0627\u064a\u0629_\u0627\u0644\u0637\u0628\u064a\u0639\u064a\u0629<\/a><\/span> <span class=\"html-span xdj266r x11i5rnm xat24cr x1mh8g0r xexx8yu x4uap5 x18d9i69 xkhd6sd x1hl2dhg x16tdsg8 x1vvkbs\"><a class=\"x1i10hfl xjbqb8w x1ejq31n xd10rxx x1sy0etr x17r0tee x972fbf xcfux6l x1qhh985 xm0m39n x9f619 x1ypdohk xt0psk2 xe8uvvx xdj266r x11i5rnm xat24cr x1mh8g0r xexx8yu x4uap5 x18d9i69 xkhd6sd x16tdsg8 x1hl2dhg xggy1nq x1a2a7pz xkrqix3 x1sur9pj x1fey0fg x1s688f\" role=\"link\" href=\"https:\/\/www.facebook.com\/hashtag\/%D9%85%D9%86%D8%AA%D8%AC%D8%A7%D8%AA_%D8%B9%D8%B6%D9%88%D9%8A%D8%A9?__eep__=6&amp;__cft__[0]=AZUbDJ3qSh01b3f-A9qD-zlLfOH-bPr_rZY1yco7H3HFl1qJ9jLQTjfTiZzY672tgGgpRkXhdgd5RHPUvuqtpOQp6DruLz75imCne4H7rq1ty9JJuq8fm975DvCflM-WZwQA6X9fGrkVSH7-eo_Zkz5mg2SUVJfIo8Fw2s5eay4VIm-FhgIM4nub1N9fkCvmyvnsxBcT0gJG6PnruBZ7v0Rb&amp;__tn__=*NK-R\">#\u0645\u0646\u062a\u062c\u0627\u062a_\u0639\u0636\u0648\u064a\u0629<\/a><\/span> <span class=\"html-span xdj266r x11i5rnm xat24cr x1mh8g0r xexx8yu x4uap5 x18d9i69 xkhd6sd x1hl2dhg x16tdsg8 x1vvkbs\"><a class=\"x1i10hfl xjbqb8w x1ejq31n xd10rxx x1sy0etr x17r0tee x972fbf xcfux6l x1qhh985 xm0m39n x9f619 x1ypdohk xt0psk2 xe8uvvx xdj266r x11i5rnm xat24cr x1mh8g0r xexx8yu x4uap5 x18d9i69 xkhd6sd x16tdsg8 x1hl2dhg xggy1nq x1a2a7pz xkrqix3 x1sur9pj x1fey0fg x1s688f\" role=\"link\" href=\"https:\/\/www.facebook.com\/hashtag\/%D8%AA%D8%B1%D8%B7%D9%8A%D8%A8_%D8%B7%D8%A8%D9%8A%D8%B9%D9%8A?__eep__=6&amp;__cft__[0]=AZUbDJ3qSh01b3f-A9qD-zlLfOH-bPr_rZY1yco7H3HFl1qJ9jLQTjfTiZzY672tgGgpRkXhdgd5RHPUvuqtpOQp6DruLz75imCne4H7rq1ty9JJuq8fm975DvCflM-WZwQA6X9fGrkVSH7-eo_Zkz5mg2SUVJfIo8Fw2s5eay4VIm-FhgIM4nub1N9fkCvmyvnsxBcT0gJG6PnruBZ7v0Rb&amp;__tn__=*NK-R\">#\u062a\u0631\u0637\u064a\u0628_\u0637\u0628\u064a\u0639\u064a<\/a><\/span> <span class=\"html-span xdj266r x11i5rnm xat24cr x1mh8g0r xexx8yu x4uap5 x18d9i69 xkhd6sd x1hl2dhg x16tdsg8 x1vvkbs\"><a class=\"x1i10hfl xjbqb8w x1ejq31n xd10rxx x1sy0etr x17r0tee x972fbf xcfux6l x1qhh985 xm0m39n x9f619 x1ypdohk xt0psk2 xe8uvvx xdj266r x11i5rnm xat24cr x1mh8g0r xexx8yu x4uap5 x18d9i69 xkhd6sd x16tdsg8 x1hl2dhg xggy1nq x1a2a7pz xkrqix3 x1sur9pj x1fey0fg x1s688f\" role=\"link\" href=\"https:\/\/www.facebook.com\/hashtag\/%D8%A7%D9%84%D8%B9%D9%86%D8%A7%D9%8A%D8%A9_%D8%A8%D8%A7%D9%84%D8%A8%D8%B4%D8%B1%D8%A9?__eep__=6&amp;__cft__[0]=AZUbDJ3qSh01b3f-A9qD-zlLfOH-bPr_rZY1yco7H3HFl1qJ9jLQTjfTiZzY672tgGgpRkXhdgd5RHPUvuqtpOQp6DruLz75imCne4H7rq1ty9JJuq8fm975DvCflM-WZwQA6X9fGrkVSH7-eo_Zkz5mg2SUVJfIo8Fw2s5eay4VIm-FhgIM4nub1N9fkCvmyvnsxBcT0gJG6PnruBZ7v0Rb&amp;__tn__=*NK-R\">#\u0627\u0644\u0639\u0646\u0627\u064a\u0629_\u0628\u0627\u0644\u0628\u0634\u0631\u0629<\/a><\/span>*<\/div>\n<\/div>","protected":false},"excerpt":{"rendered":"<p>NCL ORGANIC Kakao Ya\u011f 200ml &#8211; Cocoa Butter &#8211; \u0632\u0628\u062f\u0629 \u0627\u0644\u0643\u0627\u0643\u0627\u0648<\/p>","protected":false},"featured_media":10580,"comment_status":"open","ping_status":"closed","template":"","meta":{"_joinchat":[]},"product_cat":[98],"product_tag":[],"class_list":{"0":"post-10574","1":"product","2":"type-product","3":"status-publish","4":"has-post-thumbnail","6":"product_cat-kakao-cocoa-hindistan-cevizi-coconut","8":"first","9":"instock","10":"sale","11":"shipping-taxable","12":"purchasable","13":"product-type-simple"},"jetpack_sharing_enabled":true,"_links":{"self":[{"href":"https:\/\/www.nclorganic.com\/en\/wp-json\/wp\/v2\/product\/10574","targetHints":{"allow":["GET"]}}],"collection":[{"href":"https:\/\/www.nclorganic.com\/en\/wp-json\/wp\/v2\/product"}],"about":[{"href":"https:\/\/www.nclorganic.com\/en\/wp-json\/wp\/v2\/types\/product"}],"replies":[{"embeddable":true,"href":"https:\/\/www.nclorganic.com\/en\/wp-json\/wp\/v2\/comments?post=10574"}],"wp:featuredmedia":[{"embeddable":true,"href":"https:\/\/www.nclorganic.com\/en\/wp-json\/wp\/v2\/media\/10580"}],"wp:attachment":[{"href":"https:\/\/www.nclorganic.com\/en\/wp-json\/wp\/v2\/media?parent=10574"}],"wp:term":[{"taxonomy":"product_cat","embeddable":true,"href":"https:\/\/www.nclorganic.com\/en\/wp-json\/wp\/v2\/product_cat?post=10574"},{"taxonomy":"product_tag","embeddable":true,"href":"https:\/\/www.nclorganic.com\/en\/wp-json\/wp\/v2\/product_tag?post=10574"}],"curies":[{"name":"wp","href":"https:\/\/api.w.org\/{rel}","templated":true}]}}