{"id":10555,"date":"2025-05-21T10:27:22","date_gmt":"2025-05-21T13:27:22","guid":{"rendered":"https:\/\/www.nclorganic.com\/?post_type=product&#038;p=10555"},"modified":"2025-05-25T06:33:46","modified_gmt":"2025-05-25T09:33:46","slug":"badem-yagi-50ml","status":"publish","type":"product","link":"https:\/\/www.nclorganic.com\/en\/product\/badem-yagi-50ml\/","title":{"rendered":"NCL organic 100% Badem Ya\u011f\u0131 \u2013 Natural Almond Oil 50ml &#8211; \u0632\u064a\u062a \u0627\u0644\u0644\u0648\u0632"},"content":{"rendered":"<div class=\"xdj266r x11i5rnm xat24cr x1mh8g0r x1vvkbs x126k92a\">\n<div dir=\"auto\">NCL organic * All Natural*<\/div>\n<div dir=\"auto\"><span class=\"html-span xdj266r x11i5rnm xat24cr x1mh8g0r xexx8yu x4uap5 x18d9i69 xkhd6sd x1hl2dhg x16tdsg8 x1vvkbs\"><a class=\"x1i10hfl xjbqb8w x1ejq31n xd10rxx x1sy0etr x17r0tee x972fbf xcfux6l x1qhh985 xm0m39n x9f619 x1ypdohk xt0psk2 xe8uvvx xdj266r x11i5rnm xat24cr x1mh8g0r xexx8yu x4uap5 x18d9i69 xkhd6sd x16tdsg8 x1hl2dhg xggy1nq x1a2a7pz xkrqix3 x1sur9pj x1fey0fg x1s688f\" role=\"link\" href=\"http:\/\/www.nclorganic.com\/en\/?fbclid=IwZXh0bgNhZW0CMTAAYnJpZBExaEkxQlZOMHZ0WjJOY1lZaAEea29e1JDknAGxe6emVbDlrU-FtmN7py8z37O4jkmW1NOwMTEcJvycJ-wPQxg_aem_mMraZGDd8wJOKCp-YRMfoA\" target=\"_blank\" rel=\"nofollow noopener noreferrer\">www.NCLorganic.com<\/a><\/span><\/div>\n<\/div>\n<div class=\"x11i5rnm xat24cr x1mh8g0r x1vvkbs xtlvy1s x126k92a\">\n<div dir=\"auto\"><\/div>\n<div dir=\"auto\">NCL Organic Badem Ya\u011f\u0131*<\/div>\n<div dir=\"auto\">So\u011fuk s\u0131k\u0131m \u2022 %100 Do\u011fal \u2022 \u00c7ok Ama\u00e7l\u0131<\/div>\n<\/div>\n<div class=\"x11i5rnm xat24cr x1mh8g0r x1vvkbs xtlvy1s x126k92a\">\n<div dir=\"auto\">*Zengin \u0130\u00e7erik:*<\/div>\n<div dir=\"auto\">\u2022 *E Vitamini* \u2013 Cildi besler ve korur<\/div>\n<div dir=\"auto\">\u2022 *A Vitamini* \u2013 Cilt yenilenmesini destekler<\/div>\n<div dir=\"auto\">\u2022 *Omega-9 Ya\u011f Asitleri* \u2013 Derin nemlendirme sa\u011flar<\/div>\n<\/div>\n<div class=\"x11i5rnm xat24cr x1mh8g0r x1vvkbs xtlvy1s x126k92a\">\n<div dir=\"auto\">*Faydalar\u0131:*<\/div>\n<div dir=\"auto\"><span class=\"html-span xexx8yu x4uap5 x18d9i69 xkhd6sd x1hl2dhg x16tdsg8 x1vvkbs x3nfvp2 x1j61x8r x1fcty0u xdj266r xat24cr xgzva0m xhhsvwb xxymvpz xlup9mm x1kky2od\"><img loading=\"lazy\" decoding=\"async\" class=\"xz74otr x168nmei x13lgxp2 x5pf9jr xo71vjh\" src=\"https:\/\/static.xx.fbcdn.net\/images\/emoji.php\/v9\/td2\/2\/16\/2714.png\" alt=\"&#x2714;\" width=\"16\" height=\"16\" \/><\/span> Cilt ve sa\u00e7\u0131 nemlendirir<\/div>\n<div dir=\"auto\"><span class=\"html-span xexx8yu x4uap5 x18d9i69 xkhd6sd x1hl2dhg x16tdsg8 x1vvkbs x3nfvp2 x1j61x8r x1fcty0u xdj266r xat24cr xgzva0m xhhsvwb xxymvpz xlup9mm x1kky2od\"><img loading=\"lazy\" decoding=\"async\" class=\"xz74otr x168nmei x13lgxp2 x5pf9jr xo71vjh\" src=\"https:\/\/static.xx.fbcdn.net\/images\/emoji.php\/v9\/td2\/2\/16\/2714.png\" alt=\"&#x2714;\" width=\"16\" height=\"16\" \/><\/span> Kurulu\u011fa ve ya\u015flanma belirtilerine kar\u015f\u0131 etkilidir<\/div>\n<div dir=\"auto\"><span class=\"html-span xexx8yu x4uap5 x18d9i69 xkhd6sd x1hl2dhg x16tdsg8 x1vvkbs x3nfvp2 x1j61x8r x1fcty0u xdj266r xat24cr xgzva0m xhhsvwb xxymvpz xlup9mm x1kky2od\"><img loading=\"lazy\" decoding=\"async\" class=\"xz74otr x168nmei x13lgxp2 x5pf9jr xo71vjh\" src=\"https:\/\/static.xx.fbcdn.net\/images\/emoji.php\/v9\/td2\/2\/16\/2714.png\" alt=\"&#x2714;\" width=\"16\" height=\"16\" \/><\/span> Masaj ve makyaj temizli\u011fi i\u00e7in uygundur<\/div>\n<\/div>\n<div class=\"x11i5rnm xat24cr x1mh8g0r x1vvkbs xtlvy1s x126k92a\">\n<div dir=\"auto\"><span class=\"html-span xdj266r x11i5rnm xat24cr x1mh8g0r xexx8yu x4uap5 x18d9i69 xkhd6sd x1hl2dhg x16tdsg8 x1vvkbs\"><a class=\"x1i10hfl xjbqb8w x1ejq31n xd10rxx x1sy0etr x17r0tee x972fbf xcfux6l x1qhh985 xm0m39n x9f619 x1ypdohk xt0psk2 xe8uvvx xdj266r x11i5rnm xat24cr x1mh8g0r xexx8yu x4uap5 x18d9i69 xkhd6sd x16tdsg8 x1hl2dhg xggy1nq x1a2a7pz xkrqix3 x1sur9pj x1fey0fg x1s688f\" role=\"link\" href=\"https:\/\/www.facebook.com\/hashtag\/nclorganic?__eep__=6&amp;__cft__[0]=AZWXBaBQHlp46AbFWeumwJMRd9irZzlPHTI-sOorMoKCA34x2nHpu2dXki8PGk79X0p68Uljc_4j0EHaPy3CMGLbxXgtIcHx3UIkKfBD2F6pEDUOKXLjdl5YHyY7PUqn8pTl--9LvriCebB-LoUoR2JhrdXZ93-zOUgTQaYH1uui9dN01vXIrDgbTxlbC7P-5KDaT7Zzd8tP665tCgppUhwp&amp;__tn__=*NK-R\">#NCLOrganic<\/a><\/span> <span class=\"html-span xdj266r x11i5rnm xat24cr x1mh8g0r xexx8yu x4uap5 x18d9i69 xkhd6sd x1hl2dhg x16tdsg8 x1vvkbs\"><a class=\"x1i10hfl xjbqb8w x1ejq31n xd10rxx x1sy0etr x17r0tee x972fbf xcfux6l x1qhh985 xm0m39n x9f619 x1ypdohk xt0psk2 xe8uvvx xdj266r x11i5rnm xat24cr x1mh8g0r xexx8yu x4uap5 x18d9i69 xkhd6sd x16tdsg8 x1hl2dhg xggy1nq x1a2a7pz xkrqix3 x1sur9pj x1fey0fg x1s688f\" role=\"link\" href=\"https:\/\/www.facebook.com\/hashtag\/bademya%C4%9F%C4%B1?__eep__=6&amp;__cft__[0]=AZWXBaBQHlp46AbFWeumwJMRd9irZzlPHTI-sOorMoKCA34x2nHpu2dXki8PGk79X0p68Uljc_4j0EHaPy3CMGLbxXgtIcHx3UIkKfBD2F6pEDUOKXLjdl5YHyY7PUqn8pTl--9LvriCebB-LoUoR2JhrdXZ93-zOUgTQaYH1uui9dN01vXIrDgbTxlbC7P-5KDaT7Zzd8tP665tCgppUhwp&amp;__tn__=*NK-R\">#BademYa\u011f\u0131<\/a><\/span> <span class=\"html-span xdj266r x11i5rnm xat24cr x1mh8g0r xexx8yu x4uap5 x18d9i69 xkhd6sd x1hl2dhg x16tdsg8 x1vvkbs\"><a class=\"x1i10hfl xjbqb8w x1ejq31n xd10rxx x1sy0etr x17r0tee x972fbf xcfux6l x1qhh985 xm0m39n x9f619 x1ypdohk xt0psk2 xe8uvvx xdj266r x11i5rnm xat24cr x1mh8g0r xexx8yu x4uap5 x18d9i69 xkhd6sd x16tdsg8 x1hl2dhg xggy1nq x1a2a7pz xkrqix3 x1sur9pj x1fey0fg x1s688f\" role=\"link\" href=\"https:\/\/www.facebook.com\/hashtag\/vitamine?__eep__=6&amp;__cft__[0]=AZWXBaBQHlp46AbFWeumwJMRd9irZzlPHTI-sOorMoKCA34x2nHpu2dXki8PGk79X0p68Uljc_4j0EHaPy3CMGLbxXgtIcHx3UIkKfBD2F6pEDUOKXLjdl5YHyY7PUqn8pTl--9LvriCebB-LoUoR2JhrdXZ93-zOUgTQaYH1uui9dN01vXIrDgbTxlbC7P-5KDaT7Zzd8tP665tCgppUhwp&amp;__tn__=*NK-R\">#VitaminE<\/a><\/span> <span class=\"html-span xdj266r x11i5rnm xat24cr x1mh8g0r xexx8yu x4uap5 x18d9i69 xkhd6sd x1hl2dhg x16tdsg8 x1vvkbs\"><a class=\"x1i10hfl xjbqb8w x1ejq31n xd10rxx x1sy0etr x17r0tee x972fbf xcfux6l x1qhh985 xm0m39n x9f619 x1ypdohk xt0psk2 xe8uvvx xdj266r x11i5rnm xat24cr x1mh8g0r xexx8yu x4uap5 x18d9i69 xkhd6sd x16tdsg8 x1hl2dhg xggy1nq x1a2a7pz xkrqix3 x1sur9pj x1fey0fg x1s688f\" role=\"link\" href=\"https:\/\/www.facebook.com\/hashtag\/do%C4%9Falbak%C4%B1m?__eep__=6&amp;__cft__[0]=AZWXBaBQHlp46AbFWeumwJMRd9irZzlPHTI-sOorMoKCA34x2nHpu2dXki8PGk79X0p68Uljc_4j0EHaPy3CMGLbxXgtIcHx3UIkKfBD2F6pEDUOKXLjdl5YHyY7PUqn8pTl--9LvriCebB-LoUoR2JhrdXZ93-zOUgTQaYH1uui9dN01vXIrDgbTxlbC7P-5KDaT7Zzd8tP665tCgppUhwp&amp;__tn__=*NK-R\">#Do\u011falBak\u0131m<\/a><\/span> <span class=\"html-span xdj266r x11i5rnm xat24cr x1mh8g0r xexx8yu x4uap5 x18d9i69 xkhd6sd x1hl2dhg x16tdsg8 x1vvkbs\"><a class=\"x1i10hfl xjbqb8w x1ejq31n xd10rxx x1sy0etr x17r0tee x972fbf xcfux6l x1qhh985 xm0m39n x9f619 x1ypdohk xt0psk2 xe8uvvx xdj266r x11i5rnm xat24cr x1mh8g0r xexx8yu x4uap5 x18d9i69 xkhd6sd x16tdsg8 x1hl2dhg xggy1nq x1a2a7pz xkrqix3 x1sur9pj x1fey0fg x1s688f\" role=\"link\" href=\"https:\/\/www.facebook.com\/hashtag\/so%C4%9Fuks%C4%B1k%C4%B1m?__eep__=6&amp;__cft__[0]=AZWXBaBQHlp46AbFWeumwJMRd9irZzlPHTI-sOorMoKCA34x2nHpu2dXki8PGk79X0p68Uljc_4j0EHaPy3CMGLbxXgtIcHx3UIkKfBD2F6pEDUOKXLjdl5YHyY7PUqn8pTl--9LvriCebB-LoUoR2JhrdXZ93-zOUgTQaYH1uui9dN01vXIrDgbTxlbC7P-5KDaT7Zzd8tP665tCgppUhwp&amp;__tn__=*NK-R\">#So\u011fukS\u0131k\u0131m<\/a><\/span> <span class=\"html-span xdj266r x11i5rnm xat24cr x1mh8g0r xexx8yu x4uap5 x18d9i69 xkhd6sd x1hl2dhg x16tdsg8 x1vvkbs\"><a class=\"x1i10hfl xjbqb8w x1ejq31n xd10rxx x1sy0etr x17r0tee x972fbf xcfux6l x1qhh985 xm0m39n x9f619 x1ypdohk xt0psk2 xe8uvvx xdj266r x11i5rnm xat24cr x1mh8g0r xexx8yu x4uap5 x18d9i69 xkhd6sd x16tdsg8 x1hl2dhg xggy1nq x1a2a7pz xkrqix3 x1sur9pj x1fey0fg x1s688f\" role=\"link\" href=\"https:\/\/www.facebook.com\/hashtag\/ciltbak%C4%B1m%C4%B1?__eep__=6&amp;__cft__[0]=AZWXBaBQHlp46AbFWeumwJMRd9irZzlPHTI-sOorMoKCA34x2nHpu2dXki8PGk79X0p68Uljc_4j0EHaPy3CMGLbxXgtIcHx3UIkKfBD2F6pEDUOKXLjdl5YHyY7PUqn8pTl--9LvriCebB-LoUoR2JhrdXZ93-zOUgTQaYH1uui9dN01vXIrDgbTxlbC7P-5KDaT7Zzd8tP665tCgppUhwp&amp;__tn__=*NK-R\">#CiltBak\u0131m\u0131<\/a><\/span><\/div>\n<\/div>\n<div class=\"x11i5rnm xat24cr x1mh8g0r x1vvkbs xtlvy1s x126k92a\">\n<div dir=\"auto\"><\/div>\n<div dir=\"auto\">*NCL Organic Almond Oil*<\/div>\n<div dir=\"auto\">Cold-pressed \u2022 100% Natural \u2022 Multipurpose<\/div>\n<\/div>\n<div class=\"x11i5rnm xat24cr x1mh8g0r x1vvkbs xtlvy1s x126k92a\">\n<div dir=\"auto\">*Rich in:*<\/div>\n<div dir=\"auto\">\u2022 *Vitamin E* \u2013 Nourishes and protects skin<\/div>\n<div dir=\"auto\">\u2022 *Vitamin A* \u2013 Supports skin regeneration<\/div>\n<div dir=\"auto\">\u2022 *Omega-9 fatty acids* \u2013 Deep hydration<\/div>\n<\/div>\n<div class=\"x11i5rnm xat24cr x1mh8g0r x1vvkbs xtlvy1s x126k92a\">\n<div dir=\"auto\">*Benefits:*<\/div>\n<div dir=\"auto\"><span class=\"html-span xexx8yu x4uap5 x18d9i69 xkhd6sd x1hl2dhg x16tdsg8 x1vvkbs x3nfvp2 x1j61x8r x1fcty0u xdj266r xat24cr xgzva0m xhhsvwb xxymvpz xlup9mm x1kky2od\"><img loading=\"lazy\" decoding=\"async\" class=\"xz74otr x168nmei x13lgxp2 x5pf9jr xo71vjh\" src=\"https:\/\/static.xx.fbcdn.net\/images\/emoji.php\/v9\/td2\/2\/16\/2714.png\" alt=\"&#x2714;\" width=\"16\" height=\"16\" \/><\/span> Moisturizes skin &amp; hair<\/div>\n<div dir=\"auto\"><span class=\"html-span xexx8yu x4uap5 x18d9i69 xkhd6sd x1hl2dhg x16tdsg8 x1vvkbs x3nfvp2 x1j61x8r x1fcty0u xdj266r xat24cr xgzva0m xhhsvwb xxymvpz xlup9mm x1kky2od\"><img loading=\"lazy\" decoding=\"async\" class=\"xz74otr x168nmei x13lgxp2 x5pf9jr xo71vjh\" src=\"https:\/\/static.xx.fbcdn.net\/images\/emoji.php\/v9\/td2\/2\/16\/2714.png\" alt=\"&#x2714;\" width=\"16\" height=\"16\" \/><\/span> Fights dryness &amp; signs of aging<\/div>\n<div dir=\"auto\"><span class=\"html-span xexx8yu x4uap5 x18d9i69 xkhd6sd x1hl2dhg x16tdsg8 x1vvkbs x3nfvp2 x1j61x8r x1fcty0u xdj266r xat24cr xgzva0m xhhsvwb xxymvpz xlup9mm x1kky2od\"><img loading=\"lazy\" decoding=\"async\" class=\"xz74otr x168nmei x13lgxp2 x5pf9jr xo71vjh\" src=\"https:\/\/static.xx.fbcdn.net\/images\/emoji.php\/v9\/td2\/2\/16\/2714.png\" alt=\"&#x2714;\" width=\"16\" height=\"16\" \/><\/span> Perfect for massage &amp; makeup removal<\/div>\n<\/div>\n<div class=\"x11i5rnm xat24cr x1mh8g0r x1vvkbs xtlvy1s x126k92a\">\n<div dir=\"auto\"><span class=\"html-span xdj266r x11i5rnm xat24cr x1mh8g0r xexx8yu x4uap5 x18d9i69 xkhd6sd x1hl2dhg x16tdsg8 x1vvkbs\"><a class=\"x1i10hfl xjbqb8w x1ejq31n xd10rxx x1sy0etr x17r0tee x972fbf xcfux6l x1qhh985 xm0m39n x9f619 x1ypdohk xt0psk2 xe8uvvx xdj266r x11i5rnm xat24cr x1mh8g0r xexx8yu x4uap5 x18d9i69 xkhd6sd x16tdsg8 x1hl2dhg xggy1nq x1a2a7pz xkrqix3 x1sur9pj x1fey0fg x1s688f\" role=\"link\" href=\"https:\/\/www.facebook.com\/hashtag\/nclorganic?__eep__=6&amp;__cft__[0]=AZWXBaBQHlp46AbFWeumwJMRd9irZzlPHTI-sOorMoKCA34x2nHpu2dXki8PGk79X0p68Uljc_4j0EHaPy3CMGLbxXgtIcHx3UIkKfBD2F6pEDUOKXLjdl5YHyY7PUqn8pTl--9LvriCebB-LoUoR2JhrdXZ93-zOUgTQaYH1uui9dN01vXIrDgbTxlbC7P-5KDaT7Zzd8tP665tCgppUhwp&amp;__tn__=*NK-R\">#NCLOrganic<\/a><\/span> <span class=\"html-span xdj266r x11i5rnm xat24cr x1mh8g0r xexx8yu x4uap5 x18d9i69 xkhd6sd x1hl2dhg x16tdsg8 x1vvkbs\"><a class=\"x1i10hfl xjbqb8w x1ejq31n xd10rxx x1sy0etr x17r0tee x972fbf xcfux6l x1qhh985 xm0m39n x9f619 x1ypdohk xt0psk2 xe8uvvx xdj266r x11i5rnm xat24cr x1mh8g0r xexx8yu x4uap5 x18d9i69 xkhd6sd x16tdsg8 x1hl2dhg xggy1nq x1a2a7pz xkrqix3 x1sur9pj x1fey0fg x1s688f\" role=\"link\" href=\"https:\/\/www.facebook.com\/hashtag\/almondoil?__eep__=6&amp;__cft__[0]=AZWXBaBQHlp46AbFWeumwJMRd9irZzlPHTI-sOorMoKCA34x2nHpu2dXki8PGk79X0p68Uljc_4j0EHaPy3CMGLbxXgtIcHx3UIkKfBD2F6pEDUOKXLjdl5YHyY7PUqn8pTl--9LvriCebB-LoUoR2JhrdXZ93-zOUgTQaYH1uui9dN01vXIrDgbTxlbC7P-5KDaT7Zzd8tP665tCgppUhwp&amp;__tn__=*NK-R\">#AlmondOil<\/a><\/span> <span class=\"html-span xdj266r x11i5rnm xat24cr x1mh8g0r xexx8yu x4uap5 x18d9i69 xkhd6sd x1hl2dhg x16tdsg8 x1vvkbs\"><a class=\"x1i10hfl xjbqb8w x1ejq31n xd10rxx x1sy0etr x17r0tee x972fbf xcfux6l x1qhh985 xm0m39n x9f619 x1ypdohk xt0psk2 xe8uvvx xdj266r x11i5rnm xat24cr x1mh8g0r xexx8yu x4uap5 x18d9i69 xkhd6sd x16tdsg8 x1hl2dhg xggy1nq x1a2a7pz xkrqix3 x1sur9pj x1fey0fg x1s688f\" role=\"link\" href=\"https:\/\/www.facebook.com\/hashtag\/vitamine?__eep__=6&amp;__cft__[0]=AZWXBaBQHlp46AbFWeumwJMRd9irZzlPHTI-sOorMoKCA34x2nHpu2dXki8PGk79X0p68Uljc_4j0EHaPy3CMGLbxXgtIcHx3UIkKfBD2F6pEDUOKXLjdl5YHyY7PUqn8pTl--9LvriCebB-LoUoR2JhrdXZ93-zOUgTQaYH1uui9dN01vXIrDgbTxlbC7P-5KDaT7Zzd8tP665tCgppUhwp&amp;__tn__=*NK-R\">#VitaminE<\/a><\/span> <span class=\"html-span xdj266r x11i5rnm xat24cr x1mh8g0r xexx8yu x4uap5 x18d9i69 xkhd6sd x1hl2dhg x16tdsg8 x1vvkbs\"><a class=\"x1i10hfl xjbqb8w x1ejq31n xd10rxx x1sy0etr x17r0tee x972fbf xcfux6l x1qhh985 xm0m39n x9f619 x1ypdohk xt0psk2 xe8uvvx xdj266r x11i5rnm xat24cr x1mh8g0r xexx8yu x4uap5 x18d9i69 xkhd6sd x16tdsg8 x1hl2dhg xggy1nq x1a2a7pz xkrqix3 x1sur9pj x1fey0fg x1s688f\" role=\"link\" href=\"https:\/\/www.facebook.com\/hashtag\/naturalskincare?__eep__=6&amp;__cft__[0]=AZWXBaBQHlp46AbFWeumwJMRd9irZzlPHTI-sOorMoKCA34x2nHpu2dXki8PGk79X0p68Uljc_4j0EHaPy3CMGLbxXgtIcHx3UIkKfBD2F6pEDUOKXLjdl5YHyY7PUqn8pTl--9LvriCebB-LoUoR2JhrdXZ93-zOUgTQaYH1uui9dN01vXIrDgbTxlbC7P-5KDaT7Zzd8tP665tCgppUhwp&amp;__tn__=*NK-R\">#NaturalSkincare<\/a><\/span> <span class=\"html-span xdj266r x11i5rnm xat24cr x1mh8g0r xexx8yu x4uap5 x18d9i69 xkhd6sd x1hl2dhg x16tdsg8 x1vvkbs\"><a class=\"x1i10hfl xjbqb8w x1ejq31n xd10rxx x1sy0etr x17r0tee x972fbf xcfux6l x1qhh985 xm0m39n x9f619 x1ypdohk xt0psk2 xe8uvvx xdj266r x11i5rnm xat24cr x1mh8g0r xexx8yu x4uap5 x18d9i69 xkhd6sd x16tdsg8 x1hl2dhg xggy1nq x1a2a7pz xkrqix3 x1sur9pj x1fey0fg x1s688f\" role=\"link\" href=\"https:\/\/www.facebook.com\/hashtag\/coldpressed?__eep__=6&amp;__cft__[0]=AZWXBaBQHlp46AbFWeumwJMRd9irZzlPHTI-sOorMoKCA34x2nHpu2dXki8PGk79X0p68Uljc_4j0EHaPy3CMGLbxXgtIcHx3UIkKfBD2F6pEDUOKXLjdl5YHyY7PUqn8pTl--9LvriCebB-LoUoR2JhrdXZ93-zOUgTQaYH1uui9dN01vXIrDgbTxlbC7P-5KDaT7Zzd8tP665tCgppUhwp&amp;__tn__=*NK-R\">#ColdPressed<\/a><\/span> <span class=\"html-span xdj266r x11i5rnm xat24cr x1mh8g0r xexx8yu x4uap5 x18d9i69 xkhd6sd x1hl2dhg x16tdsg8 x1vvkbs\"><a class=\"x1i10hfl xjbqb8w x1ejq31n xd10rxx x1sy0etr x17r0tee x972fbf xcfux6l x1qhh985 xm0m39n x9f619 x1ypdohk xt0psk2 xe8uvvx xdj266r x11i5rnm xat24cr x1mh8g0r xexx8yu x4uap5 x18d9i69 xkhd6sd x16tdsg8 x1hl2dhg xggy1nq x1a2a7pz xkrqix3 x1sur9pj x1fey0fg x1s688f\" role=\"link\" href=\"https:\/\/www.facebook.com\/hashtag\/glowingskin?__eep__=6&amp;__cft__[0]=AZWXBaBQHlp46AbFWeumwJMRd9irZzlPHTI-sOorMoKCA34x2nHpu2dXki8PGk79X0p68Uljc_4j0EHaPy3CMGLbxXgtIcHx3UIkKfBD2F6pEDUOKXLjdl5YHyY7PUqn8pTl--9LvriCebB-LoUoR2JhrdXZ93-zOUgTQaYH1uui9dN01vXIrDgbTxlbC7P-5KDaT7Zzd8tP665tCgppUhwp&amp;__tn__=*NK-R\">#GlowingSkin<\/a><\/span><\/div>\n<\/div>\n<div class=\"x11i5rnm xat24cr x1mh8g0r x1vvkbs xtlvy1s x126k92a\">\n<div dir=\"auto\"><\/div>\n<div dir=\"auto\">*NCL Organic \u0632\u064a\u062a \u0627\u0644\u0644\u0648\u0632*<\/div>\n<div dir=\"auto\">\u0645\u0639\u0635\u0648\u0631 \u0639\u0644\u0649 \u0627\u0644\u0628\u0627\u0631\u062f \u2022 \u0637\u0628\u064a\u0639\u064a 100\u066a \u2022 \u0645\u062a\u0639\u062f\u062f \u0627\u0644\u0641\u0648\u0627\u0626\u062f<\/div>\n<\/div>\n<div class=\"x11i5rnm xat24cr x1mh8g0r x1vvkbs xtlvy1s x126k92a\">\n<div dir=\"auto\">*\u063a\u0646\u064a \u0628\u0640:*<\/div>\n<div dir=\"auto\">\u2022 *\u0641\u064a\u062a\u0627\u0645\u064a\u0646 E* \u2013 \u064a\u063a\u0630\u064a \u0627\u0644\u0628\u0634\u0631\u0629 \u0648\u064a\u062d\u0645\u064a\u0647\u0627<\/div>\n<div dir=\"auto\">\u2022 *\u0641\u064a\u062a\u0627\u0645\u064a\u0646 A* \u2013 \u064a\u0639\u0632\u0632 \u062a\u062c\u062f\u062f \u0627\u0644\u062e\u0644\u0627\u064a\u0627 \u0648\u064a\u0645\u0646\u062d \u0627\u0644\u0628\u0634\u0631\u0629 \u0625\u0634\u0631\u0627\u0642\u0629<\/div>\n<div dir=\"auto\">\u2022 *\u0623\u0648\u0645\u064a\u063a\u0627 9* \u2013 \u064a\u0631\u0637\u0628 \u0627\u0644\u0628\u0634\u0631\u0629 \u0648\u0627\u0644\u0634\u0639\u0631 \u0628\u0639\u0645\u0642<\/div>\n<\/div>\n<div class=\"x11i5rnm xat24cr x1mh8g0r x1vvkbs xtlvy1s x126k92a\">\n<div dir=\"auto\">*\u0627\u0644\u0641\u0648\u0627\u0626\u062f:*<\/div>\n<div dir=\"auto\"><span class=\"html-span xexx8yu x4uap5 x18d9i69 xkhd6sd x1hl2dhg x16tdsg8 x1vvkbs x3nfvp2 x1j61x8r x1fcty0u xdj266r xat24cr xgzva0m xhhsvwb xxymvpz xlup9mm x1kky2od\"><img loading=\"lazy\" decoding=\"async\" class=\"xz74otr x168nmei x13lgxp2 x5pf9jr xo71vjh\" src=\"https:\/\/static.xx.fbcdn.net\/images\/emoji.php\/v9\/td2\/2\/16\/2714.png\" alt=\"&#x2714;\" width=\"16\" height=\"16\" \/><\/span> \u064a\u0631\u0637\u0628 \u0627\u0644\u0628\u0634\u0631\u0629 \u0648\u0627\u0644\u0634\u0639\u0631<\/div>\n<div dir=\"auto\"><span class=\"html-span xexx8yu x4uap5 x18d9i69 xkhd6sd x1hl2dhg x16tdsg8 x1vvkbs x3nfvp2 x1j61x8r x1fcty0u xdj266r xat24cr xgzva0m xhhsvwb xxymvpz xlup9mm x1kky2od\"><img loading=\"lazy\" decoding=\"async\" class=\"xz74otr x168nmei x13lgxp2 x5pf9jr xo71vjh\" src=\"https:\/\/static.xx.fbcdn.net\/images\/emoji.php\/v9\/td2\/2\/16\/2714.png\" alt=\"&#x2714;\" width=\"16\" height=\"16\" \/><\/span> \u064a\u0642\u0644\u0644 \u0645\u0646 \u0627\u0644\u062c\u0641\u0627\u0641 \u0648\u0639\u0644\u0627\u0645\u0627\u062a \u0627\u0644\u062a\u0642\u062f\u0645 \u0641\u064a \u0627\u0644\u0633\u0646<\/div>\n<div dir=\"auto\"><span class=\"html-span xexx8yu x4uap5 x18d9i69 xkhd6sd x1hl2dhg x16tdsg8 x1vvkbs x3nfvp2 x1j61x8r x1fcty0u xdj266r xat24cr xgzva0m xhhsvwb xxymvpz xlup9mm x1kky2od\"><img loading=\"lazy\" decoding=\"async\" class=\"xz74otr x168nmei x13lgxp2 x5pf9jr xo71vjh\" src=\"https:\/\/static.xx.fbcdn.net\/images\/emoji.php\/v9\/td2\/2\/16\/2714.png\" alt=\"&#x2714;\" width=\"16\" height=\"16\" \/><\/span> \u0645\u062b\u0627\u0644\u064a \u0644\u0644\u062a\u062f\u0644\u064a\u0643 \u0648\u0625\u0632\u0627\u0644\u0629 \u0627\u0644\u0645\u0643\u064a\u0627\u062c \u0628\u0644\u0637\u0641<\/div>\n<\/div>\n<div class=\"x11i5rnm xat24cr x1mh8g0r x1vvkbs xtlvy1s x126k92a\">\n<div dir=\"auto\"><span class=\"html-span xdj266r x11i5rnm xat24cr x1mh8g0r xexx8yu x4uap5 x18d9i69 xkhd6sd x1hl2dhg x16tdsg8 x1vvkbs\"><a class=\"x1i10hfl xjbqb8w x1ejq31n xd10rxx x1sy0etr x17r0tee x972fbf xcfux6l x1qhh985 xm0m39n x9f619 x1ypdohk xt0psk2 xe8uvvx xdj266r x11i5rnm xat24cr x1mh8g0r xexx8yu x4uap5 x18d9i69 xkhd6sd x16tdsg8 x1hl2dhg xggy1nq x1a2a7pz xkrqix3 x1sur9pj x1fey0fg x1s688f\" role=\"link\" href=\"https:\/\/www.facebook.com\/hashtag\/nclorganic?__eep__=6&amp;__cft__[0]=AZWXBaBQHlp46AbFWeumwJMRd9irZzlPHTI-sOorMoKCA34x2nHpu2dXki8PGk79X0p68Uljc_4j0EHaPy3CMGLbxXgtIcHx3UIkKfBD2F6pEDUOKXLjdl5YHyY7PUqn8pTl--9LvriCebB-LoUoR2JhrdXZ93-zOUgTQaYH1uui9dN01vXIrDgbTxlbC7P-5KDaT7Zzd8tP665tCgppUhwp&amp;__tn__=*NK-R\">#NCLOrganic<\/a><\/span> <span class=\"html-span xdj266r x11i5rnm xat24cr x1mh8g0r xexx8yu x4uap5 x18d9i69 xkhd6sd x1hl2dhg x16tdsg8 x1vvkbs\"><a class=\"x1i10hfl xjbqb8w x1ejq31n xd10rxx x1sy0etr x17r0tee x972fbf xcfux6l x1qhh985 xm0m39n x9f619 x1ypdohk xt0psk2 xe8uvvx xdj266r x11i5rnm xat24cr x1mh8g0r xexx8yu x4uap5 x18d9i69 xkhd6sd x16tdsg8 x1hl2dhg xggy1nq x1a2a7pz xkrqix3 x1sur9pj x1fey0fg x1s688f\" role=\"link\" href=\"https:\/\/www.facebook.com\/hashtag\/%D8%B2%D9%8A%D8%AA_%D8%A7%D9%84%D9%84%D9%88%D8%B2?__eep__=6&amp;__cft__[0]=AZWXBaBQHlp46AbFWeumwJMRd9irZzlPHTI-sOorMoKCA34x2nHpu2dXki8PGk79X0p68Uljc_4j0EHaPy3CMGLbxXgtIcHx3UIkKfBD2F6pEDUOKXLjdl5YHyY7PUqn8pTl--9LvriCebB-LoUoR2JhrdXZ93-zOUgTQaYH1uui9dN01vXIrDgbTxlbC7P-5KDaT7Zzd8tP665tCgppUhwp&amp;__tn__=*NK-R\">#\u0632\u064a\u062a_\u0627\u0644\u0644\u0648\u0632<\/a><\/span> <span class=\"html-span xdj266r x11i5rnm xat24cr x1mh8g0r xexx8yu x4uap5 x18d9i69 xkhd6sd x1hl2dhg x16tdsg8 x1vvkbs\"><a class=\"x1i10hfl xjbqb8w x1ejq31n xd10rxx x1sy0etr x17r0tee x972fbf xcfux6l x1qhh985 xm0m39n x9f619 x1ypdohk xt0psk2 xe8uvvx xdj266r x11i5rnm xat24cr x1mh8g0r xexx8yu x4uap5 x18d9i69 xkhd6sd x16tdsg8 x1hl2dhg xggy1nq x1a2a7pz xkrqix3 x1sur9pj x1fey0fg x1s688f\" role=\"link\" href=\"https:\/\/www.facebook.com\/hashtag\/%D9%81%D9%8A%D8%AA%D8%A7%D9%85%D9%8A%D9%86_e?__eep__=6&amp;__cft__[0]=AZWXBaBQHlp46AbFWeumwJMRd9irZzlPHTI-sOorMoKCA34x2nHpu2dXki8PGk79X0p68Uljc_4j0EHaPy3CMGLbxXgtIcHx3UIkKfBD2F6pEDUOKXLjdl5YHyY7PUqn8pTl--9LvriCebB-LoUoR2JhrdXZ93-zOUgTQaYH1uui9dN01vXIrDgbTxlbC7P-5KDaT7Zzd8tP665tCgppUhwp&amp;__tn__=*NK-R\">#\u0641\u064a\u062a\u0627\u0645\u064a\u0646_E<\/a><\/span> <span class=\"html-span xdj266r x11i5rnm xat24cr x1mh8g0r xexx8yu x4uap5 x18d9i69 xkhd6sd x1hl2dhg x16tdsg8 x1vvkbs\"><a class=\"x1i10hfl xjbqb8w x1ejq31n xd10rxx x1sy0etr x17r0tee x972fbf xcfux6l x1qhh985 xm0m39n x9f619 x1ypdohk xt0psk2 xe8uvvx xdj266r x11i5rnm xat24cr x1mh8g0r xexx8yu x4uap5 x18d9i69 xkhd6sd x16tdsg8 x1hl2dhg xggy1nq x1a2a7pz xkrqix3 x1sur9pj x1fey0fg x1s688f\" role=\"link\" href=\"https:\/\/www.facebook.com\/hashtag\/%D9%81%D9%8A%D8%AA%D8%A7%D9%85%D9%8A%D9%86_a?__eep__=6&amp;__cft__[0]=AZWXBaBQHlp46AbFWeumwJMRd9irZzlPHTI-sOorMoKCA34x2nHpu2dXki8PGk79X0p68Uljc_4j0EHaPy3CMGLbxXgtIcHx3UIkKfBD2F6pEDUOKXLjdl5YHyY7PUqn8pTl--9LvriCebB-LoUoR2JhrdXZ93-zOUgTQaYH1uui9dN01vXIrDgbTxlbC7P-5KDaT7Zzd8tP665tCgppUhwp&amp;__tn__=*NK-R\">#\u0641\u064a\u062a\u0627\u0645\u064a\u0646_A<\/a><\/span> <span class=\"html-span xdj266r x11i5rnm xat24cr x1mh8g0r xexx8yu x4uap5 x18d9i69 xkhd6sd x1hl2dhg x16tdsg8 x1vvkbs\"><a class=\"x1i10hfl xjbqb8w x1ejq31n xd10rxx x1sy0etr x17r0tee x972fbf xcfux6l x1qhh985 xm0m39n x9f619 x1ypdohk xt0psk2 xe8uvvx xdj266r x11i5rnm xat24cr x1mh8g0r xexx8yu x4uap5 x18d9i69 xkhd6sd x16tdsg8 x1hl2dhg xggy1nq x1a2a7pz xkrqix3 x1sur9pj x1fey0fg x1s688f\" role=\"link\" href=\"https:\/\/www.facebook.com\/hashtag\/%D8%A7%D9%84%D8%B9%D9%86%D8%A7%D9%8A%D8%A9_%D8%A7%D9%84%D8%B7%D8%A8%D9%8A%D8%B9%D9%8A%D8%A9?__eep__=6&amp;__cft__[0]=AZWXBaBQHlp46AbFWeumwJMRd9irZzlPHTI-sOorMoKCA34x2nHpu2dXki8PGk79X0p68Uljc_4j0EHaPy3CMGLbxXgtIcHx3UIkKfBD2F6pEDUOKXLjdl5YHyY7PUqn8pTl--9LvriCebB-LoUoR2JhrdXZ93-zOUgTQaYH1uui9dN01vXIrDgbTxlbC7P-5KDaT7Zzd8tP665tCgppUhwp&amp;__tn__=*NK-R\">#\u0627\u0644\u0639\u0646\u0627\u064a\u0629_\u0627\u0644\u0637\u0628\u064a\u0639\u064a\u0629<\/a><\/span> <span class=\"html-span xdj266r x11i5rnm xat24cr x1mh8g0r xexx8yu x4uap5 x18d9i69 xkhd6sd x1hl2dhg x16tdsg8 x1vvkbs\"><a class=\"x1i10hfl xjbqb8w x1ejq31n xd10rxx x1sy0etr x17r0tee x972fbf xcfux6l x1qhh985 xm0m39n x9f619 x1ypdohk xt0psk2 xe8uvvx xdj266r x11i5rnm xat24cr x1mh8g0r xexx8yu x4uap5 x18d9i69 xkhd6sd x16tdsg8 x1hl2dhg xggy1nq x1a2a7pz xkrqix3 x1sur9pj x1fey0fg x1s688f\" role=\"link\" href=\"https:\/\/www.facebook.com\/hashtag\/%D9%85%D8%B9%D8%B5%D9%88%D8%B1_%D8%B9%D9%84%D9%89_%D8%A7%D9%84%D8%A8%D8%A7%D8%B1%D8%AF?__eep__=6&amp;__cft__[0]=AZWXBaBQHlp46AbFWeumwJMRd9irZzlPHTI-sOorMoKCA34x2nHpu2dXki8PGk79X0p68Uljc_4j0EHaPy3CMGLbxXgtIcHx3UIkKfBD2F6pEDUOKXLjdl5YHyY7PUqn8pTl--9LvriCebB-LoUoR2JhrdXZ93-zOUgTQaYH1uui9dN01vXIrDgbTxlbC7P-5KDaT7Zzd8tP665tCgppUhwp&amp;__tn__=*NK-R\">#\u0645\u0639\u0635\u0648\u0631_\u0639\u0644\u0649_\u0627\u0644\u0628\u0627\u0631\u062f<\/a><\/span> <span class=\"html-span xdj266r x11i5rnm xat24cr x1mh8g0r xexx8yu x4uap5 x18d9i69 xkhd6sd x1hl2dhg x16tdsg8 x1vvkbs\"><a class=\"x1i10hfl xjbqb8w x1ejq31n xd10rxx x1sy0etr x17r0tee x972fbf xcfux6l x1qhh985 xm0m39n x9f619 x1ypdohk xt0psk2 xe8uvvx xdj266r x11i5rnm xat24cr x1mh8g0r xexx8yu x4uap5 x18d9i69 xkhd6sd x16tdsg8 x1hl2dhg xggy1nq x1a2a7pz xkrqix3 x1sur9pj x1fey0fg x1s688f\" role=\"link\" href=\"https:\/\/www.facebook.com\/hashtag\/%D8%AA%D8%B1%D8%B7%D9%8A%D8%A8_%D8%B9%D9%85%D9%8A%D9%82?__eep__=6&amp;__cft__[0]=AZWXBaBQHlp46AbFWeumwJMRd9irZzlPHTI-sOorMoKCA34x2nHpu2dXki8PGk79X0p68Uljc_4j0EHaPy3CMGLbxXgtIcHx3UIkKfBD2F6pEDUOKXLjdl5YHyY7PUqn8pTl--9LvriCebB-LoUoR2JhrdXZ93-zOUgTQaYH1uui9dN01vXIrDgbTxlbC7P-5KDaT7Zzd8tP665tCgppUhwp&amp;__tn__=*NK-R\">#\u062a\u0631\u0637\u064a\u0628_\u0639\u0645\u064a\u0642<\/a><\/span><\/div>\n<\/div>","protected":false},"excerpt":{"rendered":"<p>NCL organic Badem Ya\u011f\u0131 \u2013 Natural Almond Oil 50ml &#8211; \u0632\u064a\u062a \u0627\u0644\u0644\u0648\u0632<\/p>","protected":false},"featured_media":10556,"comment_status":"open","ping_status":"closed","template":"","meta":{"_joinchat":[]},"product_cat":[100],"product_tag":[],"class_list":{"0":"post-10555","1":"product","2":"type-product","3":"status-publish","4":"has-post-thumbnail","6":"product_cat-dogal-yagi-natural-oil","8":"first","9":"instock","10":"sale","11":"shipping-taxable","12":"purchasable","13":"product-type-simple"},"jetpack_sharing_enabled":true,"_links":{"self":[{"href":"https:\/\/www.nclorganic.com\/en\/wp-json\/wp\/v2\/product\/10555","targetHints":{"allow":["GET"]}}],"collection":[{"href":"https:\/\/www.nclorganic.com\/en\/wp-json\/wp\/v2\/product"}],"about":[{"href":"https:\/\/www.nclorganic.com\/en\/wp-json\/wp\/v2\/types\/product"}],"replies":[{"embeddable":true,"href":"https:\/\/www.nclorganic.com\/en\/wp-json\/wp\/v2\/comments?post=10555"}],"wp:featuredmedia":[{"embeddable":true,"href":"https:\/\/www.nclorganic.com\/en\/wp-json\/wp\/v2\/media\/10556"}],"wp:attachment":[{"href":"https:\/\/www.nclorganic.com\/en\/wp-json\/wp\/v2\/media?parent=10555"}],"wp:term":[{"taxonomy":"product_cat","embeddable":true,"href":"https:\/\/www.nclorganic.com\/en\/wp-json\/wp\/v2\/product_cat?post=10555"},{"taxonomy":"product_tag","embeddable":true,"href":"https:\/\/www.nclorganic.com\/en\/wp-json\/wp\/v2\/product_tag?post=10555"}],"curies":[{"name":"wp","href":"https:\/\/api.w.org\/{rel}","templated":true}]}}