{"id":10519,"date":"2025-05-08T17:18:13","date_gmt":"2025-05-08T20:18:13","guid":{"rendered":"https:\/\/www.nclorganic.com\/?post_type=product&#038;p=10519"},"modified":"2025-05-28T17:32:28","modified_gmt":"2025-05-28T20:32:28","slug":"ncl-organic-corek-otu-yagi-natural-blackseed-oil-50-ml","status":"publish","type":"product","link":"https:\/\/www.nclorganic.com\/en\/product\/ncl-organic-corek-otu-yagi-natural-blackseed-oil-50-ml\/","title":{"rendered":"NCL organic 100% \u00c7\u00f6rek Otu Ya\u011f\u0131 &#8211; Natural Blackseed Oil 50ml &#8211; \u0632\u064a\u062a \u062d\u0628\u0629 \u0627\u0644\u0628\u0631\u0643\u0629"},"content":{"rendered":"<p>NCL Organic Black Seed Oil<br \/>\nPowerful natural remedy | Cold-pressed | For health &amp; skin<\/p>\n<p>&#x2714; Supports immunity<br \/>\n&#x2714; Aids digestion<br \/>\n&#x2714; Nourishes hair and skin<br \/>\n&#x2714; 100% pure and additive-free<\/p>\n<p>NCL Organic \u00c7\u00f6rek Otu Ya\u011f\u0131<br \/>\nDo\u011fal \u015fifa kayna\u011f\u0131 | So\u011fuk s\u0131k\u0131m | Sa\u011fl\u0131k ve cilt i\u00e7in<\/p>\n<p>&#x2714; Ba\u011f\u0131\u015f\u0131kl\u0131\u011f\u0131 destekler<br \/>\n&#x2714; Sindirimi kolayla\u015ft\u0131r\u0131r<br \/>\n&#x2714; Sa\u00e7 ve cildi besler<br \/>\n&#x2714; %100 saf ve katk\u0131s\u0131z<\/p>\n<p>&nbsp;<\/p>\n<p>NCL Organic \u0632\u064a\u062a \u062d\u0628\u0629 \u0627\u0644\u0628\u0631\u0643\u0629<br \/>\n\u0639\u0644\u0627\u062c \u0637\u0628\u064a\u0639\u064a \u0642\u0648\u064a | \u0645\u0639\u0635\u0648\u0631 \u0639\u0644\u0649 \u0627\u0644\u0628\u0627\u0631\u062f | \u0644\u0644\u0635\u062d\u0629 \u0648\u0627\u0644\u0628\u0634\u0631\u0629<\/p>\n<p>&#x2714; \u064a\u0642\u0648\u064a \u0627\u0644\u0645\u0646\u0627\u0639\u0629<br \/>\n&#x2714; \u064a\u0633\u0627\u0639\u062f \u0639\u0644\u0649 \u0627\u0644\u0647\u0636\u0645<br \/>\n&#x2714; \u064a\u063a\u0630\u064a \u0627\u0644\u0634\u0639\u0631 \u0648\u0627\u0644\u0628\u0634\u0631\u0629<br \/>\n&#x2714; \u0646\u0642\u064a 100\u066a \u0648\u062e\u0627\u0644\u064d \u0645\u0646 \u0627\u0644\u0625\u0636\u0627\u0641\u0627\u062a<\/p>\n<p>&nbsp;<\/p>","protected":false},"excerpt":{"rendered":"<p>NCL organic \u00c7\u00f6rek Otu Ya\u011f\u0131 &#8211; Natural Blackseed Oil 50ml &#8211; \u0632\u064a\u062a \u062d\u0628\u0629 \u0627\u0644\u0628\u0631\u0643\u0629<\/p>","protected":false},"featured_media":10549,"comment_status":"open","ping_status":"closed","template":"","meta":{"_joinchat":[]},"product_cat":[100],"product_tag":[],"class_list":{"0":"post-10519","1":"product","2":"type-product","3":"status-publish","4":"has-post-thumbnail","6":"product_cat-dogal-yagi-natural-oil","8":"first","9":"instock","10":"sale","11":"shipping-taxable","12":"purchasable","13":"product-type-simple"},"jetpack_sharing_enabled":true,"_links":{"self":[{"href":"https:\/\/www.nclorganic.com\/en\/wp-json\/wp\/v2\/product\/10519","targetHints":{"allow":["GET"]}}],"collection":[{"href":"https:\/\/www.nclorganic.com\/en\/wp-json\/wp\/v2\/product"}],"about":[{"href":"https:\/\/www.nclorganic.com\/en\/wp-json\/wp\/v2\/types\/product"}],"replies":[{"embeddable":true,"href":"https:\/\/www.nclorganic.com\/en\/wp-json\/wp\/v2\/comments?post=10519"}],"wp:featuredmedia":[{"embeddable":true,"href":"https:\/\/www.nclorganic.com\/en\/wp-json\/wp\/v2\/media\/10549"}],"wp:attachment":[{"href":"https:\/\/www.nclorganic.com\/en\/wp-json\/wp\/v2\/media?parent=10519"}],"wp:term":[{"taxonomy":"product_cat","embeddable":true,"href":"https:\/\/www.nclorganic.com\/en\/wp-json\/wp\/v2\/product_cat?post=10519"},{"taxonomy":"product_tag","embeddable":true,"href":"https:\/\/www.nclorganic.com\/en\/wp-json\/wp\/v2\/product_tag?post=10519"}],"curies":[{"name":"wp","href":"https:\/\/api.w.org\/{rel}","templated":true}]}}